{"id":12095,"date":"2022-09-26T10:09:15","date_gmt":"2022-09-26T08:09:15","guid":{"rendered":"https:\/\/initium.swiss\/unsere-uhren\/"},"modified":"2025-03-18T15:03:00","modified_gmt":"2025-03-18T14:03:00","slug":"unsere-uhren","status":"publish","type":"page","link":"https:\/\/initium.swiss\/de\/uhrmacherei\/unsere-uhren\/","title":{"rendered":"Unsere Uhren"},"content":{"rendered":"\t\t<div data-elementor-type=\"wp-page\" data-elementor-id=\"12095\" class=\"elementor elementor-12095 elementor-29\" data-elementor-post-type=\"page\">\n\t\t\t\t<div class=\"elementor-element elementor-element-1617697 e-flex e-con-boxed e-con e-parent\" data-id=\"1617697\" data-element_type=\"container\" data-settings=\"{&quot;background_background&quot;:&quot;classic&quot;}\">\n\t\t\t\t\t<div class=\"e-con-inner\">\n\t\t<div class=\"elementor-element elementor-element-f4e1791 e-flex e-con-boxed e-con e-child\" data-id=\"f4e1791\" data-element_type=\"container\" data-settings=\"{&quot;background_background&quot;:&quot;classic&quot;}\">\n\t\t\t\t\t<div class=\"e-con-inner\">\n\t\t<div class=\"elementor-element elementor-element-36f4e1a e-con-full e-flex e-con e-child\" data-id=\"36f4e1a\" data-element_type=\"container\" data-settings=\"{&quot;background_background&quot;:&quot;classic&quot;}\">\n\t\t\t\t<div class=\"elementor-element elementor-element-bd51fef elementor-widget elementor-widget-heading\" data-id=\"bd51fef\" data-element_type=\"widget\" data-widget_type=\"heading.default\">\n\t\t\t\t<div class=\"elementor-widget-container\">\n\t\t\t\t\t<h1 class=\"elementor-heading-title elementor-size-default\">Unsere Uhrenkollektionen<\/h1>\t\t\t\t<\/div>\n\t\t\t\t<\/div>\n\t\t\t\t<div class=\"elementor-element elementor-element-b9e2c86 elementor-widget elementor-widget-text-editor\" data-id=\"b9e2c86\" data-element_type=\"widget\" data-widget_type=\"text-editor.default\">\n\t\t\t\t<div class=\"elementor-widget-container\">\n\t\t\t\t\t\t\t\t\t<p style=\"text-align: left;\">Bestellen Sie eine Uhr aus unserer Kollektion online oder entwerfen Sie Ihre eigene Uhr in einer unserer Werkst\u00e4tten.<\/p>\n\t\t\t\t\t\t\t\t<\/div>\n\t\t\t\t<\/div>\n\t\t\t\t<\/div>\n\t\t\t\t\t<\/div>\n\t\t\t\t<\/div>\n\t\t\t\t\t<\/div>\n\t\t\t\t<\/div>\n\t\t<div class=\"elementor-element elementor-element-140cd76 e-flex e-con-boxed e-con e-parent\" data-id=\"140cd76\" data-element_type=\"container\">\n\t\t\t\t\t<div class=\"e-con-inner\">\n\t\t\t\t<div class=\"elementor-element elementor-element-301970d elementor-widget elementor-widget-heading\" data-id=\"301970d\" data-element_type=\"widget\" data-widget_type=\"heading.default\">\n\t\t\t\t<div class=\"elementor-widget-container\">\n\t\t\t\t\t<h2 class=\"elementor-heading-title elementor-size-default\">Automatische Sammlung<\/h2>\t\t\t\t<\/div>\n\t\t\t\t<\/div>\n\t\t\t\t\t<\/div>\n\t\t\t\t<\/div>\n\t\t<div class=\"elementor-element elementor-element-ca946b6 e-flex e-con-boxed e-con e-parent\" data-id=\"ca946b6\" data-element_type=\"container\">\n\t\t\t\t\t<div class=\"e-con-inner\">\n\t\t\t\t<div class=\"elementor-element elementor-element-d701cff elementor-widget elementor-widget-heading\" data-id=\"d701cff\" data-element_type=\"widget\" data-widget_type=\"heading.default\">\n\t\t\t\t<div class=\"elementor-widget-container\">\n\t\t\t\t\t<h2 class=\"elementor-heading-title elementor-size-default\">Manuelle Sammlung<\/h2>\t\t\t\t<\/div>\n\t\t\t\t<\/div>\n\t\t\t\t\t<\/div>\n\t\t\t\t<\/div>\n\t\t<div class=\"elementor-element elementor-element-a11df6a e-flex e-con-boxed e-con e-parent\" data-id=\"a11df6a\" data-element_type=\"container\">\n\t\t\t\t\t<div class=\"e-con-inner\">\n\t\t\t\t<div class=\"elementor-element elementor-element-8b4df59 elementor-widget elementor-widget-heading\" data-id=\"8b4df59\" data-element_type=\"widget\" data-widget_type=\"heading.default\">\n\t\t\t\t<div class=\"elementor-widget-container\">\n\t\t\t\t\t<h2 class=\"elementor-heading-title elementor-size-default\">Tourbillon-Kollektion<\/h2>\t\t\t\t<\/div>\n\t\t\t\t<\/div>\n\t\t\t\t\t<\/div>\n\t\t\t\t<\/div>\n\t\t<div class=\"elementor-element elementor-element-791f257 e-flex e-con-boxed e-con e-parent\" data-id=\"791f257\" data-element_type=\"container\">\n\t\t\t\t\t<div class=\"e-con-inner\">\n\t\t<div class=\"elementor-element elementor-element-b320c4c e-con-full e-flex e-con e-child\" data-id=\"b320c4c\" data-element_type=\"container\">\n\t\t\t\t<div class=\"elementor-element elementor-element-14de69b elementor-widget elementor-widget-heading\" data-id=\"14de69b\" data-element_type=\"widget\" data-widget_type=\"heading.default\">\n\t\t\t\t<div class=\"elementor-widget-container\">\n\t\t\t\t\t<h3 class=\"elementor-heading-title elementor-size-default\">Das Modell, das zu Ihnen passt<\/h3>\t\t\t\t<\/div>\n\t\t\t\t<\/div>\n\t\t<div class=\"elementor-element elementor-element-46d8d9c e-con-full e-grid e-con e-child\" data-id=\"46d8d9c\" data-element_type=\"container\">\n\t\t<div class=\"elementor-element elementor-element-ef00d37 e-con-full e-flex e-con e-child\" data-id=\"ef00d37\" data-element_type=\"container\" data-settings=\"{&quot;background_background&quot;:&quot;classic&quot;}\">\n\t\t\t\t<div class=\"elementor-element elementor-element-f3cd32b elementor-widget elementor-widget-heading\" data-id=\"f3cd32b\" data-element_type=\"widget\" data-widget_type=\"heading.default\">\n\t\t\t\t<div class=\"elementor-widget-container\">\n\t\t\t\t\t<h5 class=\"elementor-heading-title elementor-size-default\">Uhr mit Handaufzug<\/h5>\t\t\t\t<\/div>\n\t\t\t\t<\/div>\n\t\t\t\t<div class=\"elementor-element elementor-element-1fb90a0 elementor-widget elementor-widget-text-editor\" data-id=\"1fb90a0\" data-element_type=\"widget\" data-widget_type=\"text-editor.default\">\n\t\t\t\t<div class=\"elementor-widget-container\">\n\t\t\t\t\t\t\t\t\t<p>Bei einer mechanischen Uhr mit Handaufzug muss die Krone einmal am Tag im Uhrzeigersinn aufgezogen werden. Die Initium Handaufzugsuhren, die mit dem Unitas 6497 Uhrwerk ausgestattet sind, bieten eine Gangreserve von 42 Stunden. Dieses Schweizer Kaliber wurde in den 50er Jahren entwickelt und ist f\u00fcr seine Zuverl\u00e4ssigkeit und Robustheit bekannt, was ihm den Spitznamen &#8222;Traktor&#8220; einbrachte.  <\/p>\n\t\t\t\t\t\t\t\t<\/div>\n\t\t\t\t<\/div>\n\t\t\t\t<\/div>\n\t\t<div class=\"elementor-element elementor-element-4e7a054 e-con-full e-flex e-con e-child\" data-id=\"4e7a054\" data-element_type=\"container\" data-settings=\"{&quot;background_background&quot;:&quot;classic&quot;}\">\n\t\t\t\t<div class=\"elementor-element elementor-element-ee10a57 elementor-widget elementor-widget-heading\" data-id=\"ee10a57\" data-element_type=\"widget\" data-widget_type=\"heading.default\">\n\t\t\t\t<div class=\"elementor-widget-container\">\n\t\t\t\t\t<h5 class=\"elementor-heading-title elementor-size-default\">Uhr mit Automatikaufzug<\/h5>\t\t\t\t<\/div>\n\t\t\t\t<\/div>\n\t\t\t\t<div class=\"elementor-element elementor-element-c7e3a0c elementor-widget elementor-widget-text-editor\" data-id=\"c7e3a0c\" data-element_type=\"widget\" data-widget_type=\"text-editor.default\">\n\t\t\t\t<div class=\"elementor-widget-container\">\n\t\t\t\t\t\t\t\t\t<p>Die mechanische Automatikuhr wird durch die Bewegungen des Handgelenks aufgeladen. Mit einer Gangreserve von 38 Stunden bleibt sie stehen, wenn sie nicht getragen wird, kann aber \u00fcber die Krone manuell aufgezogen werden. Die Initium Automatikuhren verwenden Schweizer Kaliber ETA 2892 oder SW300, die f\u00fcr ihre Pr\u00e4zision, Zuverl\u00e4ssigkeit und Robustheit bekannt sind.  <\/p>\n\t\t\t\t\t\t\t\t<\/div>\n\t\t\t\t<\/div>\n\t\t\t\t<\/div>\n\t\t<div class=\"elementor-element elementor-element-9b5be96 e-con-full e-flex e-con e-child\" data-id=\"9b5be96\" data-element_type=\"container\" data-settings=\"{&quot;background_background&quot;:&quot;classic&quot;}\">\n\t\t\t\t<div class=\"elementor-element elementor-element-4596863 elementor-widget elementor-widget-heading\" data-id=\"4596863\" data-element_type=\"widget\" data-widget_type=\"heading.default\">\n\t\t\t\t<div class=\"elementor-widget-container\">\n\t\t\t\t\t<h5 class=\"elementor-heading-title elementor-size-default\">Uhr mit Tourbillon-Aufzug<\/h5>\t\t\t\t<\/div>\n\t\t\t\t<\/div>\n\t\t\t\t<div class=\"elementor-element elementor-element-4f1b812 elementor-widget elementor-widget-text-editor\" data-id=\"4f1b812\" data-element_type=\"widget\" data-widget_type=\"text-editor.default\">\n\t\t\t\t<div class=\"elementor-widget-container\">\n\t\t\t\t\t\t\t\t\t<p>Die Tourbillon-Uhr, ein Symbol f\u00fcr uhrmacherische Exzellenz, kompensiert die Auswirkungen der Schwerkraft f\u00fcr eine optimale Pr\u00e4zision. Die Initium-Modelle, die mit Schweizer Uhrwerken ausgestattet sind, vereinen Innovation, Eleganz und au\u00dfergew\u00f6hnliche Handwerkskunst. <\/p>\n\t\t\t\t\t\t\t\t<\/div>\n\t\t\t\t<\/div>\n\t\t\t\t<\/div>\n\t\t\t\t<\/div>\n\t\t\t\t<\/div>\n\t\t\t\t\t<\/div>\n\t\t\t\t<\/div>\n\t\t<div class=\"elementor-element elementor-element-f28dacc e-flex e-con-boxed e-con e-parent\" data-id=\"f28dacc\" data-element_type=\"container\" data-settings=\"{&quot;background_background&quot;:&quot;classic&quot;}\">\n\t\t\t\t\t<div class=\"e-con-inner\">\n\t\t\t\t\t<\/div>\n\t\t\t\t<\/div>\n\t\t<div class=\"elementor-element elementor-element-37e8f8c e-flex e-con-boxed e-con e-parent\" data-id=\"37e8f8c\" data-element_type=\"container\" data-settings=\"{&quot;background_background&quot;:&quot;classic&quot;}\">\n\t\t\t\t\t<div class=\"e-con-inner\">\n\t\t<div class=\"elementor-element elementor-element-127cef4 e-con-full e-flex e-con e-child\" data-id=\"127cef4\" data-element_type=\"container\">\n\t\t\t\t<div class=\"elementor-element elementor-element-745db4a elementor-widget elementor-widget-heading\" data-id=\"745db4a\" data-element_type=\"widget\" data-widget_type=\"heading.default\">\n\t\t\t\t<div class=\"elementor-widget-container\">\n\t\t\t\t\t<h3 class=\"elementor-heading-title elementor-size-default\">Es stehen Ihnen Millionen von Kombinationen zur Verf\u00fcgung.<\/h3>\t\t\t\t<\/div>\n\t\t\t\t<\/div>\n\t\t\t\t<div class=\"elementor-element elementor-element-df722f7 elementor-widget elementor-widget-text-editor\" data-id=\"df722f7\" data-element_type=\"widget\" data-widget_type=\"text-editor.default\">\n\t\t\t\t<div class=\"elementor-widget-container\">\n\t\t\t\t\t\t\t\t\t<p>M\u00f6chten Sie Ihr eigenes Modell entwerfen? Nehmen Sie an einem unserer Workshops in der Schweiz oder in Frankreich teil und erwecken Sie die Uhr Ihrer Tr\u00e4ume zum Leben. <\/p>\n\t\t\t\t\t\t\t\t<\/div>\n\t\t\t\t<\/div>\n\t\t\t\t<\/div>\n\t\t<div class=\"elementor-element elementor-element-793121a e-con-full e-flex e-con e-child\" data-id=\"793121a\" data-element_type=\"container\">\n\t\t\t\t<div class=\"elementor-element elementor-element-42b0ebc elementor-align-center btn-4 elementor-widget elementor-widget-button\" data-id=\"42b0ebc\" data-element_type=\"widget\" data-widget_type=\"button.default\">\n\t\t\t\t<div class=\"elementor-widget-container\">\n\t\t\t\t\t\t\t\t\t<div class=\"elementor-button-wrapper\">\n\t\t\t\t\t<a class=\"elementor-button elementor-button-link elementor-size-sm\" href=\"https:\/\/initium.swiss\/de\/uhrmacherei\/workshops\/\">\n\t\t\t\t\t\t<span class=\"elementor-button-content-wrapper\">\n\t\t\t\t\t\t\t\t\t<span class=\"elementor-button-text\">Entdecken Sie unsere Kurse<\/span>\n\t\t\t\t\t<\/span>\n\t\t\t\t\t<\/a>\n\t\t\t\t<\/div>\n\t\t\t\t\t\t\t\t<\/div>\n\t\t\t\t<\/div>\n\t\t\t\t<\/div>\n\t\t\t\t\t<\/div>\n\t\t\t\t<\/div>\n\t\t\t\t<\/div>\n\t\t","protected":false},"excerpt":{"rendered":"<p>Unsere Uhrenkollektionen Bestellen Sie eine Uhr aus unserer Kollektion online oder entwerfen Sie Ihre eigene Uhr in einer unserer Werkst\u00e4tten. Automatische Sammlung Manuelle Sammlung Tourbillon-Kollektion Das Modell, das zu Ihnen passt Uhr mit Handaufzug Bei einer mechanischen Uhr mit Handaufzug muss die Krone einmal am Tag im Uhrzeigersinn aufgezogen werden. Die Initium Handaufzugsuhren, die mit [&hellip;]<\/p>\n","protected":false},"author":9,"featured_media":28364,"parent":19589,"menu_order":3,"comment_status":"closed","ping_status":"closed","template":"","meta":{"_acf_changed":false,"footnotes":""},"class_list":["post-12095","page","type-page","status-publish","has-post-thumbnail","hentry"],"acf":[],"yoast_head":"<!-- This site is optimized with the Yoast SEO plugin v26.8 - https:\/\/yoast.com\/product\/yoast-seo-wordpress\/ -->\n<title>Unsere Initium Swiss-Made Uhrenkollektion - Initium<\/title>\n<meta name=\"description\" content=\"Entdecken Sie die Exzellenz der Schweizer Uhrmacherkunst mit der Initium-Reihe von Uhren, die f\u00fcr eine lange Lebensdauer konzipiert wurden. Jede Uhr ist das Ergebnis handwerklicher Fertigkeiten mit hochwertigen Komponenten.\" \/>\n<meta name=\"robots\" content=\"index, follow, max-snippet:-1, max-image-preview:large, max-video-preview:-1\" \/>\n<link rel=\"canonical\" href=\"https:\/\/initium.swiss\/de\/uhrmacherei\/unsere-uhren\/\" \/>\n<meta property=\"og:locale\" content=\"de_DE\" \/>\n<meta property=\"og:type\" content=\"article\" \/>\n<meta property=\"og:title\" content=\"Unsere Initium Swiss-Made Uhrenkollektion - Initium\" \/>\n<meta property=\"og:description\" content=\"Entdecken Sie die Exzellenz der Schweizer Uhrmacherkunst mit der Initium-Reihe von Uhren, die f\u00fcr eine lange Lebensdauer konzipiert wurden. Jede Uhr ist das Ergebnis handwerklicher Fertigkeiten mit hochwertigen Komponenten.\" \/>\n<meta property=\"og:url\" content=\"https:\/\/initium.swiss\/de\/uhrmacherei\/unsere-uhren\/\" \/>\n<meta property=\"og:site_name\" content=\"Initium\" \/>\n<meta property=\"article:publisher\" content=\"https:\/\/www.facebook.com\/InitiumWatches\/\" \/>\n<meta property=\"article:modified_time\" content=\"2025-03-18T14:03:00+00:00\" \/>\n<meta property=\"og:image\" content=\"https:\/\/initium.swiss\/wp-content\/uploads\/2025\/03\/details-lifetstye-watches_insigina.jpg\" \/>\n\t<meta property=\"og:image:width\" content=\"1333\" \/>\n\t<meta property=\"og:image:height\" content=\"1788\" \/>\n\t<meta property=\"og:image:type\" content=\"image\/jpeg\" \/>\n<meta name=\"twitter:card\" content=\"summary_large_image\" \/>\n<meta name=\"twitter:site\" content=\"@initiumwatches\" \/>\n<meta name=\"twitter:label1\" content=\"Gesch\u00e4tzte Lesezeit\" \/>\n\t<meta name=\"twitter:data1\" content=\"12\u00a0Minuten\" \/>\n<script type=\"application\/ld+json\" class=\"yoast-schema-graph\">{\"@context\":\"https:\/\/schema.org\",\"@graph\":[{\"@type\":\"WebPage\",\"@id\":\"https:\/\/initium.swiss\/de\/uhrmacherei\/unsere-uhren\/\",\"url\":\"https:\/\/initium.swiss\/de\/uhrmacherei\/unsere-uhren\/\",\"name\":\"Unsere Initium Swiss-Made Uhrenkollektion - Initium\",\"isPartOf\":{\"@id\":\"https:\/\/initium.swiss\/de\/#website\"},\"primaryImageOfPage\":{\"@id\":\"https:\/\/initium.swiss\/de\/uhrmacherei\/unsere-uhren\/#primaryimage\"},\"image\":{\"@id\":\"https:\/\/initium.swiss\/de\/uhrmacherei\/unsere-uhren\/#primaryimage\"},\"thumbnailUrl\":\"https:\/\/initium.swiss\/wp-content\/uploads\/2025\/03\/details-lifetstye-watches_insigina.jpg\",\"datePublished\":\"2022-09-26T08:09:15+00:00\",\"dateModified\":\"2025-03-18T14:03:00+00:00\",\"description\":\"Entdecken Sie die Exzellenz der Schweizer Uhrmacherkunst mit der Initium-Reihe von Uhren, die f\u00fcr eine lange Lebensdauer konzipiert wurden. Jede Uhr ist das Ergebnis handwerklicher Fertigkeiten mit hochwertigen Komponenten.\",\"breadcrumb\":{\"@id\":\"https:\/\/initium.swiss\/de\/uhrmacherei\/unsere-uhren\/#breadcrumb\"},\"inLanguage\":\"de\",\"potentialAction\":[{\"@type\":\"ReadAction\",\"target\":[\"https:\/\/initium.swiss\/de\/uhrmacherei\/unsere-uhren\/\"]}]},{\"@type\":\"ImageObject\",\"inLanguage\":\"de\",\"@id\":\"https:\/\/initium.swiss\/de\/uhrmacherei\/unsere-uhren\/#primaryimage\",\"url\":\"https:\/\/initium.swiss\/wp-content\/uploads\/2025\/03\/details-lifetstye-watches_insigina.jpg\",\"contentUrl\":\"https:\/\/initium.swiss\/wp-content\/uploads\/2025\/03\/details-lifetstye-watches_insigina.jpg\",\"width\":1333,\"height\":1788},{\"@type\":\"BreadcrumbList\",\"@id\":\"https:\/\/initium.swiss\/de\/uhrmacherei\/unsere-uhren\/#breadcrumb\",\"itemListElement\":[{\"@type\":\"ListItem\",\"position\":1,\"name\":\"Accueil\",\"item\":\"https:\/\/initium.swiss\/de\/\"},{\"@type\":\"ListItem\",\"position\":2,\"name\":\"Uhrmacherei\",\"item\":\"https:\/\/initium.swiss\/de\/uhrmacherei\/\"},{\"@type\":\"ListItem\",\"position\":3,\"name\":\"Unsere Uhren\"}]},{\"@type\":\"WebSite\",\"@id\":\"https:\/\/initium.swiss\/de\/#website\",\"url\":\"https:\/\/initium.swiss\/de\/\",\"name\":\"Initium\",\"description\":\"\ufeffCreate your own swiss watch\",\"publisher\":{\"@id\":\"https:\/\/initium.swiss\/de\/#organization\"},\"alternateName\":\"Cr\u00e9er et fabriquer sa propre montre suisse - Initium Watches SA\",\"potentialAction\":[{\"@type\":\"SearchAction\",\"target\":{\"@type\":\"EntryPoint\",\"urlTemplate\":\"https:\/\/initium.swiss\/de\/?s={search_term_string}\"},\"query-input\":{\"@type\":\"PropertyValueSpecification\",\"valueRequired\":true,\"valueName\":\"search_term_string\"}}],\"inLanguage\":\"de\"},{\"@type\":\"Organization\",\"@id\":\"https:\/\/initium.swiss\/de\/#organization\",\"name\":\"Initium Watches SA\",\"alternateName\":\"Cr\u00e9er et fabriquer sa propre montre ou bijou suisse - Initium Watches SA\",\"url\":\"https:\/\/initium.swiss\/de\/\",\"logo\":{\"@type\":\"ImageObject\",\"inLanguage\":\"de\",\"@id\":\"https:\/\/initium.swiss\/de\/#\/schema\/logo\/image\/\",\"url\":\"https:\/\/initium.swiss\/wp-content\/uploads\/2023\/08\/noir-initium-new-logo.svg\",\"contentUrl\":\"https:\/\/initium.swiss\/wp-content\/uploads\/2023\/08\/noir-initium-new-logo.svg\",\"width\":1,\"height\":1,\"caption\":\"Initium Watches SA\"},\"image\":{\"@id\":\"https:\/\/initium.swiss\/de\/#\/schema\/logo\/image\/\"},\"sameAs\":[\"https:\/\/www.facebook.com\/InitiumWatches\/\",\"https:\/\/x.com\/initiumwatches\",\"https:\/\/www.instagram.com\/initiumwatches\/\",\"https:\/\/www.youtube.com\/c\/InitiumCh\",\"https:\/\/www.pinterest.ch\/initiumwatches\/\"]}]}<\/script>\n<!-- \/ Yoast SEO plugin. -->","yoast_head_json":{"title":"Unsere Initium Swiss-Made Uhrenkollektion - Initium","description":"Entdecken Sie die Exzellenz der Schweizer Uhrmacherkunst mit der Initium-Reihe von Uhren, die f\u00fcr eine lange Lebensdauer konzipiert wurden. Jede Uhr ist das Ergebnis handwerklicher Fertigkeiten mit hochwertigen Komponenten.","robots":{"index":"index","follow":"follow","max-snippet":"max-snippet:-1","max-image-preview":"max-image-preview:large","max-video-preview":"max-video-preview:-1"},"canonical":"https:\/\/initium.swiss\/de\/uhrmacherei\/unsere-uhren\/","og_locale":"de_DE","og_type":"article","og_title":"Unsere Initium Swiss-Made Uhrenkollektion - Initium","og_description":"Entdecken Sie die Exzellenz der Schweizer Uhrmacherkunst mit der Initium-Reihe von Uhren, die f\u00fcr eine lange Lebensdauer konzipiert wurden. Jede Uhr ist das Ergebnis handwerklicher Fertigkeiten mit hochwertigen Komponenten.","og_url":"https:\/\/initium.swiss\/de\/uhrmacherei\/unsere-uhren\/","og_site_name":"Initium","article_publisher":"https:\/\/www.facebook.com\/InitiumWatches\/","article_modified_time":"2025-03-18T14:03:00+00:00","og_image":[{"width":1333,"height":1788,"url":"https:\/\/initium.swiss\/wp-content\/uploads\/2025\/03\/details-lifetstye-watches_insigina.jpg","type":"image\/jpeg"}],"twitter_card":"summary_large_image","twitter_site":"@initiumwatches","twitter_misc":{"Gesch\u00e4tzte Lesezeit":"12\u00a0Minuten"},"schema":{"@context":"https:\/\/schema.org","@graph":[{"@type":"WebPage","@id":"https:\/\/initium.swiss\/de\/uhrmacherei\/unsere-uhren\/","url":"https:\/\/initium.swiss\/de\/uhrmacherei\/unsere-uhren\/","name":"Unsere Initium Swiss-Made Uhrenkollektion - Initium","isPartOf":{"@id":"https:\/\/initium.swiss\/de\/#website"},"primaryImageOfPage":{"@id":"https:\/\/initium.swiss\/de\/uhrmacherei\/unsere-uhren\/#primaryimage"},"image":{"@id":"https:\/\/initium.swiss\/de\/uhrmacherei\/unsere-uhren\/#primaryimage"},"thumbnailUrl":"https:\/\/initium.swiss\/wp-content\/uploads\/2025\/03\/details-lifetstye-watches_insigina.jpg","datePublished":"2022-09-26T08:09:15+00:00","dateModified":"2025-03-18T14:03:00+00:00","description":"Entdecken Sie die Exzellenz der Schweizer Uhrmacherkunst mit der Initium-Reihe von Uhren, die f\u00fcr eine lange Lebensdauer konzipiert wurden. Jede Uhr ist das Ergebnis handwerklicher Fertigkeiten mit hochwertigen Komponenten.","breadcrumb":{"@id":"https:\/\/initium.swiss\/de\/uhrmacherei\/unsere-uhren\/#breadcrumb"},"inLanguage":"de","potentialAction":[{"@type":"ReadAction","target":["https:\/\/initium.swiss\/de\/uhrmacherei\/unsere-uhren\/"]}]},{"@type":"ImageObject","inLanguage":"de","@id":"https:\/\/initium.swiss\/de\/uhrmacherei\/unsere-uhren\/#primaryimage","url":"https:\/\/initium.swiss\/wp-content\/uploads\/2025\/03\/details-lifetstye-watches_insigina.jpg","contentUrl":"https:\/\/initium.swiss\/wp-content\/uploads\/2025\/03\/details-lifetstye-watches_insigina.jpg","width":1333,"height":1788},{"@type":"BreadcrumbList","@id":"https:\/\/initium.swiss\/de\/uhrmacherei\/unsere-uhren\/#breadcrumb","itemListElement":[{"@type":"ListItem","position":1,"name":"Accueil","item":"https:\/\/initium.swiss\/de\/"},{"@type":"ListItem","position":2,"name":"Uhrmacherei","item":"https:\/\/initium.swiss\/de\/uhrmacherei\/"},{"@type":"ListItem","position":3,"name":"Unsere Uhren"}]},{"@type":"WebSite","@id":"https:\/\/initium.swiss\/de\/#website","url":"https:\/\/initium.swiss\/de\/","name":"Initium","description":"\ufeffCreate your own swiss watch","publisher":{"@id":"https:\/\/initium.swiss\/de\/#organization"},"alternateName":"Cr\u00e9er et fabriquer sa propre montre suisse - Initium Watches SA","potentialAction":[{"@type":"SearchAction","target":{"@type":"EntryPoint","urlTemplate":"https:\/\/initium.swiss\/de\/?s={search_term_string}"},"query-input":{"@type":"PropertyValueSpecification","valueRequired":true,"valueName":"search_term_string"}}],"inLanguage":"de"},{"@type":"Organization","@id":"https:\/\/initium.swiss\/de\/#organization","name":"Initium Watches SA","alternateName":"Cr\u00e9er et fabriquer sa propre montre ou bijou suisse - Initium Watches SA","url":"https:\/\/initium.swiss\/de\/","logo":{"@type":"ImageObject","inLanguage":"de","@id":"https:\/\/initium.swiss\/de\/#\/schema\/logo\/image\/","url":"https:\/\/initium.swiss\/wp-content\/uploads\/2023\/08\/noir-initium-new-logo.svg","contentUrl":"https:\/\/initium.swiss\/wp-content\/uploads\/2023\/08\/noir-initium-new-logo.svg","width":1,"height":1,"caption":"Initium Watches SA"},"image":{"@id":"https:\/\/initium.swiss\/de\/#\/schema\/logo\/image\/"},"sameAs":["https:\/\/www.facebook.com\/InitiumWatches\/","https:\/\/x.com\/initiumwatches","https:\/\/www.instagram.com\/initiumwatches\/","https:\/\/www.youtube.com\/c\/InitiumCh","https:\/\/www.pinterest.ch\/initiumwatches\/"]}]}},"_links":{"self":[{"href":"https:\/\/initium.swiss\/de\/wp-json\/wp\/v2\/pages\/12095","targetHints":{"allow":["GET"]}}],"collection":[{"href":"https:\/\/initium.swiss\/de\/wp-json\/wp\/v2\/pages"}],"about":[{"href":"https:\/\/initium.swiss\/de\/wp-json\/wp\/v2\/types\/page"}],"author":[{"embeddable":true,"href":"https:\/\/initium.swiss\/de\/wp-json\/wp\/v2\/users\/9"}],"replies":[{"embeddable":true,"href":"https:\/\/initium.swiss\/de\/wp-json\/wp\/v2\/comments?post=12095"}],"version-history":[{"count":12,"href":"https:\/\/initium.swiss\/de\/wp-json\/wp\/v2\/pages\/12095\/revisions"}],"predecessor-version":[{"id":28620,"href":"https:\/\/initium.swiss\/de\/wp-json\/wp\/v2\/pages\/12095\/revisions\/28620"}],"up":[{"embeddable":true,"href":"https:\/\/initium.swiss\/de\/wp-json\/wp\/v2\/pages\/19589"}],"wp:featuredmedia":[{"embeddable":true,"href":"https:\/\/initium.swiss\/de\/wp-json\/wp\/v2\/media\/28364"}],"wp:attachment":[{"href":"https:\/\/initium.swiss\/de\/wp-json\/wp\/v2\/media?parent=12095"}],"curies":[{"name":"wp","href":"https:\/\/api.w.org\/{rel}","templated":true}]}}