{"id":14947,"date":"2022-12-08T18:54:07","date_gmt":"2022-12-08T17:54:07","guid":{"rendered":"https:\/\/initium.swiss\/mein-konto\/"},"modified":"2024-08-06T10:46:25","modified_gmt":"2024-08-06T08:46:25","slug":"mein-konto","status":"publish","type":"page","link":"https:\/\/initium.swiss\/de\/mein-konto\/","title":{"rendered":"Mein Konto"},"content":{"rendered":"\t\t<div data-elementor-type=\"wp-page\" data-elementor-id=\"14947\" class=\"elementor elementor-14947 elementor-11826\" data-elementor-post-type=\"page\">\n\t\t\t\t\t\t<section class=\"elementor-section elementor-top-section elementor-element elementor-element-7eca757 elementor-section-boxed elementor-section-height-default elementor-section-height-default\" data-id=\"7eca757\" data-element_type=\"section\">\n\t\t\t\t\t\t<div class=\"elementor-container elementor-column-gap-default\">\n\t\t\t\t\t<div class=\"elementor-column elementor-col-100 elementor-top-column elementor-element elementor-element-8a3b36c\" data-id=\"8a3b36c\" data-element_type=\"column\">\n\t\t\t<div class=\"elementor-widget-wrap elementor-element-populated\">\n\t\t\t\t\t\t<div class=\"elementor-element elementor-element-30198b0 e-my-account-tabs-vertical elementor-widget elementor-widget-woocommerce-my-account\" data-id=\"30198b0\" data-element_type=\"widget\" data-widget_type=\"woocommerce-my-account.default\">\n\t\t\t\t<div class=\"elementor-widget-container\">\n\t\t\t\t\t<div class=\"e-my-account-tab e-my-account-tab__ \">\t\t\t<div class=\"woocommerce\"><div class=\"woocommerce-notices-wrapper\"><\/div>\n\n<div class=\"u-columns col2-set\" id=\"customer_login\">\n\n\t<div class=\"u-column1 col-1\">\n\n\n\t\t<h2>Anmelden<\/h2>\n\n\t\t<form class=\"woocommerce-form woocommerce-form-login login\" method=\"post\" novalidate>\n\n\t\t\t\n\t\t\t<p class=\"woocommerce-form-row woocommerce-form-row--wide form-row form-row-wide\">\n\t\t\t\t<label for=\"username\">Benutzername oder E-Mail-Adresse&nbsp;<span class=\"required\" aria-hidden=\"true\">*<\/span><span class=\"screen-reader-text\">Erforderlich<\/span><\/label>\n\t\t\t\t<input type=\"text\" class=\"woocommerce-Input woocommerce-Input--text input-text\" name=\"username\" id=\"username\" autocomplete=\"username\" value=\"\" required aria-required=\"true\" \/>\t\t\t<\/p>\n\t\t\t<p class=\"woocommerce-form-row woocommerce-form-row--wide form-row form-row-wide\">\n\t\t\t\t<label for=\"password\">Passwort&nbsp;<span class=\"required\" aria-hidden=\"true\">*<\/span><span class=\"screen-reader-text\">Erforderlich<\/span><\/label>\n\t\t\t\t<input class=\"woocommerce-Input woocommerce-Input--text input-text\" type=\"password\" name=\"password\" id=\"password\" autocomplete=\"current-password\" required aria-required=\"true\" \/>\n\t\t\t<\/p>\n\n\t\t\t\n\t\t\t<p class=\"form-row\">\n\t\t\t\t<label class=\"woocommerce-form__label woocommerce-form__label-for-checkbox woocommerce-form-login__rememberme\">\n\t\t\t\t\t<input class=\"woocommerce-form__input woocommerce-form__input-checkbox\" name=\"rememberme\" type=\"checkbox\" id=\"rememberme\" value=\"forever\" \/> <span>Angemeldet bleiben<\/span>\n\t\t\t\t<\/label>\n\t\t\t\t<input type=\"hidden\" id=\"woocommerce-login-nonce\" name=\"woocommerce-login-nonce\" value=\"02343ef42a\" \/><input type=\"hidden\" name=\"_wp_http_referer\" value=\"\/de\/wp-json\/wp\/v2\/pages\/14947\" \/>\t\t\t\t<button type=\"submit\" class=\"woocommerce-button button woocommerce-form-login__submit\" name=\"login\" value=\"Anmelden\">Anmelden<\/button>\n\t\t\t<\/p>\n\t\t\t<p class=\"woocommerce-LostPassword lost_password\">\n\t\t\t\t<a href=\"https:\/\/initium.swiss\/de\/mein-konto\/lost-password\/\">Passwort vergessen?<\/a>\n\t\t\t<\/p>\n\n\t\t\t\n\t\t<\/form>\n\n\n\t<\/div>\n\n\t<div class=\"u-column2 col-2\">\n\n\t\t<h2>Registrieren<\/h2>\n\n\t\t<form method=\"post\" class=\"woocommerce-form woocommerce-form-register register\"  >\n\n\t\t\t\n\t\t\t\n\t\t\t<p class=\"woocommerce-form-row woocommerce-form-row--wide form-row form-row-wide\">\n\t\t\t\t<label for=\"reg_email\">E-Mail-Adresse&nbsp;<span class=\"required\" aria-hidden=\"true\">*<\/span><span class=\"screen-reader-text\">Erforderlich<\/span><\/label>\n\t\t\t\t<input type=\"email\" class=\"woocommerce-Input woocommerce-Input--text input-text\" name=\"email\" id=\"reg_email\" autocomplete=\"email\" value=\"\" required aria-required=\"true\" \/>\t\t\t<\/p>\n\n\t\t\t\n\t\t\t\t<p>Ein Link zum Erstellen eines neuen Passwort wird an deine E-Mail-Adresse gesendet.<\/p>\n\n\t\t\t\n\t\t\t<wc-order-attribution-inputs><\/wc-order-attribution-inputs><div class=\"woocommerce-privacy-policy-text\"><p>Vos donn\u00e9es personnelles seront utilis\u00e9es pour vous accompagner au cours de votre visite du site web, g\u00e9rer l\u2019acc\u00e8s \u00e0 votre compte, et pour d\u2019autres raisons d\u00e9crites dans notre <a href=\"https:\/\/initium.swiss\/protection-des-donnees\/\" class=\"woocommerce-privacy-policy-link\" target=\"_blank\">Datenschutzerkl\u00e4rung<\/a>.<\/p>\n<\/div>\n\t\t\t<p class=\"woocommerce-form-row form-row\">\n\t\t\t\t<input type=\"hidden\" id=\"woocommerce-register-nonce\" name=\"woocommerce-register-nonce\" value=\"405c9a981e\" \/><input type=\"hidden\" name=\"_wp_http_referer\" value=\"\/de\/wp-json\/wp\/v2\/pages\/14947\" \/>\t\t\t\t<button type=\"submit\" class=\"woocommerce-Button woocommerce-button button woocommerce-form-register__submit\" name=\"register\" value=\"Registrieren\">Registrieren<\/button>\n\t\t\t<\/p>\n\n\t\t\t\n\t\t<\/form>\n\n\t<\/div>\n\n<\/div>\n\n<\/div>\t\t<\/div>\n\t\t\t\t\t\t<\/div>\n\t\t\t\t<\/div>\n\t\t\t\t\t<\/div>\n\t\t<\/div>\n\t\t\t\t\t<\/div>\n\t\t<\/section>\n\t\t\t\t<section class=\"elementor-section elementor-top-section elementor-element elementor-element-4c8e13aa elementor-section-boxed elementor-section-height-default elementor-section-height-default\" data-id=\"4c8e13aa\" data-element_type=\"section\" data-settings=\"{&quot;background_background&quot;:&quot;classic&quot;}\">\n\t\t\t\t\t\t<div class=\"elementor-container elementor-column-gap-default\">\n\t\t\t\t\t<div class=\"elementor-column elementor-col-100 elementor-top-column elementor-element elementor-element-61271d95\" data-id=\"61271d95\" data-element_type=\"column\">\n\t\t\t<div class=\"elementor-widget-wrap elementor-element-populated\">\n\t\t\t\t\t\t<div class=\"elementor-element elementor-element-1824fdb6 elementor-widget elementor-widget-image\" data-id=\"1824fdb6\" data-element_type=\"widget\" data-widget_type=\"image.default\">\n\t\t\t\t<div class=\"elementor-widget-container\">\n\t\t\t\t\t\t\t\t\t\t\t\t\t\t\t<img decoding=\"async\" src=\"https:\/\/initium.swiss\/wp-content\/uploads\/2022\/09\/footer-log.svg\" title=\"footer-log\" alt=\"footer-log\" loading=\"lazy\" \/>\t\t\t\t\t\t\t\t\t\t\t\t\t\t\t<\/div>\n\t\t\t\t<\/div>\n\t\t\t\t\t<\/div>\n\t\t<\/div>\n\t\t\t\t\t<\/div>\n\t\t<\/section>\n\t\t\t\t<\/div>\n\t\t","protected":false},"excerpt":{"rendered":"<p>Anmelden Benutzername oder E-Mail-Adresse&nbsp;*Erforderlich Passwort&nbsp;*Erforderlich Angemeldet bleiben Anmelden Passwort vergessen? Registrieren E-Mail-Adresse&nbsp;*Erforderlich Ein Link zum Erstellen eines neuen Passwort wird an deine E-Mail-Adresse gesendet. Vos donn\u00e9es personnelles seront utilis\u00e9es pour vous accompagner au cours de votre visite du site web, g\u00e9rer l\u2019acc\u00e8s \u00e0 votre compte, et pour d\u2019autres raisons d\u00e9crites dans notre Datenschutzerkl\u00e4rung. Registrieren Dashboard [&hellip;]<\/p>\n","protected":false},"author":9,"featured_media":0,"parent":0,"menu_order":20,"comment_status":"closed","ping_status":"closed","template":"","meta":{"_acf_changed":false,"footnotes":""},"class_list":["post-14947","page","type-page","status-publish","hentry"],"acf":[],"yoast_head":"<!-- This site is optimized with the Yoast SEO plugin v26.8 - https:\/\/yoast.com\/product\/yoast-seo-wordpress\/ -->\n<title>Mein Konto - Initium<\/title>\n<meta name=\"robots\" content=\"noindex, nofollow\" \/>\n<meta property=\"og:locale\" content=\"de_DE\" \/>\n<meta property=\"og:type\" content=\"article\" \/>\n<meta property=\"og:title\" content=\"Mein Konto - Initium\" \/>\n<meta property=\"og:description\" content=\"Anmelden Benutzername oder E-Mail-Adresse&nbsp;*Erforderlich Passwort&nbsp;*Erforderlich Angemeldet bleiben Anmelden Passwort vergessen? Registrieren E-Mail-Adresse&nbsp;*Erforderlich Ein Link zum Erstellen eines neuen Passwort wird an deine E-Mail-Adresse gesendet. Vos donn\u00e9es personnelles seront utilis\u00e9es pour vous accompagner au cours de votre visite du site web, g\u00e9rer l\u2019acc\u00e8s \u00e0 votre compte, et pour d\u2019autres raisons d\u00e9crites dans notre Datenschutzerkl\u00e4rung. Registrieren Dashboard [&hellip;]\" \/>\n<meta property=\"og:url\" content=\"https:\/\/initium.swiss\/de\/mein-konto\/\" \/>\n<meta property=\"og:site_name\" content=\"Initium\" \/>\n<meta property=\"article:publisher\" content=\"https:\/\/www.facebook.com\/InitiumWatches\/\" \/>\n<meta property=\"article:modified_time\" content=\"2024-08-06T08:46:25+00:00\" \/>\n<meta property=\"og:image\" content=\"https:\/\/initium.swiss\/wp-content\/uploads\/2022\/09\/footer-log.svg\" \/>\n<meta name=\"twitter:card\" content=\"summary_large_image\" \/>\n<meta name=\"twitter:site\" content=\"@initiumwatches\" \/>\n<meta name=\"twitter:label1\" content=\"Gesch\u00e4tzte Lesezeit\" \/>\n\t<meta name=\"twitter:data1\" content=\"2\u00a0Minuten\" \/>\n<script type=\"application\/ld+json\" class=\"yoast-schema-graph\">{\"@context\":\"https:\/\/schema.org\",\"@graph\":[{\"@type\":\"WebPage\",\"@id\":\"https:\/\/initium.swiss\/de\/mein-konto\/\",\"url\":\"https:\/\/initium.swiss\/de\/mein-konto\/\",\"name\":\"Mein Konto - Initium\",\"isPartOf\":{\"@id\":\"https:\/\/initium.swiss\/de\/#website\"},\"primaryImageOfPage\":{\"@id\":\"https:\/\/initium.swiss\/de\/mein-konto\/#primaryimage\"},\"image\":{\"@id\":\"https:\/\/initium.swiss\/de\/mein-konto\/#primaryimage\"},\"thumbnailUrl\":\"https:\/\/initium.swiss\/wp-content\/uploads\/2022\/09\/footer-log.svg\",\"datePublished\":\"2022-12-08T17:54:07+00:00\",\"dateModified\":\"2024-08-06T08:46:25+00:00\",\"breadcrumb\":{\"@id\":\"https:\/\/initium.swiss\/de\/mein-konto\/#breadcrumb\"},\"inLanguage\":\"de\",\"potentialAction\":[{\"@type\":\"ReadAction\",\"target\":[\"https:\/\/initium.swiss\/de\/mein-konto\/\"]}]},{\"@type\":\"ImageObject\",\"inLanguage\":\"de\",\"@id\":\"https:\/\/initium.swiss\/de\/mein-konto\/#primaryimage\",\"url\":\"https:\/\/initium.swiss\/wp-content\/uploads\/2022\/09\/footer-log.svg\",\"contentUrl\":\"https:\/\/initium.swiss\/wp-content\/uploads\/2022\/09\/footer-log.svg\"},{\"@type\":\"BreadcrumbList\",\"@id\":\"https:\/\/initium.swiss\/de\/mein-konto\/#breadcrumb\",\"itemListElement\":[{\"@type\":\"ListItem\",\"position\":1,\"name\":\"Accueil\",\"item\":\"https:\/\/initium.swiss\/de\/\"},{\"@type\":\"ListItem\",\"position\":2,\"name\":\"Mein Konto\"}]},{\"@type\":\"WebSite\",\"@id\":\"https:\/\/initium.swiss\/de\/#website\",\"url\":\"https:\/\/initium.swiss\/de\/\",\"name\":\"Initium\",\"description\":\"\ufeffCreate your own swiss watch\",\"publisher\":{\"@id\":\"https:\/\/initium.swiss\/de\/#organization\"},\"alternateName\":\"Cr\u00e9er et fabriquer sa propre montre suisse - Initium Watches SA\",\"potentialAction\":[{\"@type\":\"SearchAction\",\"target\":{\"@type\":\"EntryPoint\",\"urlTemplate\":\"https:\/\/initium.swiss\/de\/?s={search_term_string}\"},\"query-input\":{\"@type\":\"PropertyValueSpecification\",\"valueRequired\":true,\"valueName\":\"search_term_string\"}}],\"inLanguage\":\"de\"},{\"@type\":\"Organization\",\"@id\":\"https:\/\/initium.swiss\/de\/#organization\",\"name\":\"Initium Watches SA\",\"alternateName\":\"Cr\u00e9er et fabriquer sa propre montre ou bijou suisse - Initium Watches SA\",\"url\":\"https:\/\/initium.swiss\/de\/\",\"logo\":{\"@type\":\"ImageObject\",\"inLanguage\":\"de\",\"@id\":\"https:\/\/initium.swiss\/de\/#\/schema\/logo\/image\/\",\"url\":\"https:\/\/initium.swiss\/wp-content\/uploads\/2023\/08\/noir-initium-new-logo.svg\",\"contentUrl\":\"https:\/\/initium.swiss\/wp-content\/uploads\/2023\/08\/noir-initium-new-logo.svg\",\"width\":1,\"height\":1,\"caption\":\"Initium Watches SA\"},\"image\":{\"@id\":\"https:\/\/initium.swiss\/de\/#\/schema\/logo\/image\/\"},\"sameAs\":[\"https:\/\/www.facebook.com\/InitiumWatches\/\",\"https:\/\/x.com\/initiumwatches\",\"https:\/\/www.instagram.com\/initiumwatches\/\",\"https:\/\/www.youtube.com\/c\/InitiumCh\",\"https:\/\/www.pinterest.ch\/initiumwatches\/\"]}]}<\/script>\n<!-- \/ Yoast SEO plugin. -->","yoast_head_json":{"title":"Mein Konto - Initium","robots":{"index":"noindex","follow":"nofollow"},"og_locale":"de_DE","og_type":"article","og_title":"Mein Konto - Initium","og_description":"Anmelden Benutzername oder E-Mail-Adresse&nbsp;*Erforderlich Passwort&nbsp;*Erforderlich Angemeldet bleiben Anmelden Passwort vergessen? Registrieren E-Mail-Adresse&nbsp;*Erforderlich Ein Link zum Erstellen eines neuen Passwort wird an deine E-Mail-Adresse gesendet. Vos donn\u00e9es personnelles seront utilis\u00e9es pour vous accompagner au cours de votre visite du site web, g\u00e9rer l\u2019acc\u00e8s \u00e0 votre compte, et pour d\u2019autres raisons d\u00e9crites dans notre Datenschutzerkl\u00e4rung. Registrieren Dashboard [&hellip;]","og_url":"https:\/\/initium.swiss\/de\/mein-konto\/","og_site_name":"Initium","article_publisher":"https:\/\/www.facebook.com\/InitiumWatches\/","article_modified_time":"2024-08-06T08:46:25+00:00","og_image":[{"url":"https:\/\/initium.swiss\/wp-content\/uploads\/2022\/09\/footer-log.svg","type":"","width":"","height":""}],"twitter_card":"summary_large_image","twitter_site":"@initiumwatches","twitter_misc":{"Gesch\u00e4tzte Lesezeit":"2\u00a0Minuten"},"schema":{"@context":"https:\/\/schema.org","@graph":[{"@type":"WebPage","@id":"https:\/\/initium.swiss\/de\/mein-konto\/","url":"https:\/\/initium.swiss\/de\/mein-konto\/","name":"Mein Konto - Initium","isPartOf":{"@id":"https:\/\/initium.swiss\/de\/#website"},"primaryImageOfPage":{"@id":"https:\/\/initium.swiss\/de\/mein-konto\/#primaryimage"},"image":{"@id":"https:\/\/initium.swiss\/de\/mein-konto\/#primaryimage"},"thumbnailUrl":"https:\/\/initium.swiss\/wp-content\/uploads\/2022\/09\/footer-log.svg","datePublished":"2022-12-08T17:54:07+00:00","dateModified":"2024-08-06T08:46:25+00:00","breadcrumb":{"@id":"https:\/\/initium.swiss\/de\/mein-konto\/#breadcrumb"},"inLanguage":"de","potentialAction":[{"@type":"ReadAction","target":["https:\/\/initium.swiss\/de\/mein-konto\/"]}]},{"@type":"ImageObject","inLanguage":"de","@id":"https:\/\/initium.swiss\/de\/mein-konto\/#primaryimage","url":"https:\/\/initium.swiss\/wp-content\/uploads\/2022\/09\/footer-log.svg","contentUrl":"https:\/\/initium.swiss\/wp-content\/uploads\/2022\/09\/footer-log.svg"},{"@type":"BreadcrumbList","@id":"https:\/\/initium.swiss\/de\/mein-konto\/#breadcrumb","itemListElement":[{"@type":"ListItem","position":1,"name":"Accueil","item":"https:\/\/initium.swiss\/de\/"},{"@type":"ListItem","position":2,"name":"Mein Konto"}]},{"@type":"WebSite","@id":"https:\/\/initium.swiss\/de\/#website","url":"https:\/\/initium.swiss\/de\/","name":"Initium","description":"\ufeffCreate your own swiss watch","publisher":{"@id":"https:\/\/initium.swiss\/de\/#organization"},"alternateName":"Cr\u00e9er et fabriquer sa propre montre suisse - Initium Watches SA","potentialAction":[{"@type":"SearchAction","target":{"@type":"EntryPoint","urlTemplate":"https:\/\/initium.swiss\/de\/?s={search_term_string}"},"query-input":{"@type":"PropertyValueSpecification","valueRequired":true,"valueName":"search_term_string"}}],"inLanguage":"de"},{"@type":"Organization","@id":"https:\/\/initium.swiss\/de\/#organization","name":"Initium Watches SA","alternateName":"Cr\u00e9er et fabriquer sa propre montre ou bijou suisse - Initium Watches SA","url":"https:\/\/initium.swiss\/de\/","logo":{"@type":"ImageObject","inLanguage":"de","@id":"https:\/\/initium.swiss\/de\/#\/schema\/logo\/image\/","url":"https:\/\/initium.swiss\/wp-content\/uploads\/2023\/08\/noir-initium-new-logo.svg","contentUrl":"https:\/\/initium.swiss\/wp-content\/uploads\/2023\/08\/noir-initium-new-logo.svg","width":1,"height":1,"caption":"Initium Watches SA"},"image":{"@id":"https:\/\/initium.swiss\/de\/#\/schema\/logo\/image\/"},"sameAs":["https:\/\/www.facebook.com\/InitiumWatches\/","https:\/\/x.com\/initiumwatches","https:\/\/www.instagram.com\/initiumwatches\/","https:\/\/www.youtube.com\/c\/InitiumCh","https:\/\/www.pinterest.ch\/initiumwatches\/"]}]}},"_links":{"self":[{"href":"https:\/\/initium.swiss\/de\/wp-json\/wp\/v2\/pages\/14947","targetHints":{"allow":["GET"]}}],"collection":[{"href":"https:\/\/initium.swiss\/de\/wp-json\/wp\/v2\/pages"}],"about":[{"href":"https:\/\/initium.swiss\/de\/wp-json\/wp\/v2\/types\/page"}],"author":[{"embeddable":true,"href":"https:\/\/initium.swiss\/de\/wp-json\/wp\/v2\/users\/9"}],"replies":[{"embeddable":true,"href":"https:\/\/initium.swiss\/de\/wp-json\/wp\/v2\/comments?post=14947"}],"version-history":[{"count":2,"href":"https:\/\/initium.swiss\/de\/wp-json\/wp\/v2\/pages\/14947\/revisions"}],"predecessor-version":[{"id":25756,"href":"https:\/\/initium.swiss\/de\/wp-json\/wp\/v2\/pages\/14947\/revisions\/25756"}],"wp:attachment":[{"href":"https:\/\/initium.swiss\/de\/wp-json\/wp\/v2\/media?parent=14947"}],"curies":[{"name":"wp","href":"https:\/\/api.w.org\/{rel}","templated":true}]}}