{"id":13777,"date":"2022-10-07T13:00:44","date_gmt":"2022-10-07T11:00:44","guid":{"rendered":"https:\/\/initium.swiss\/produit\/3-stuendiger-uhrenworkshop\/"},"modified":"2025-12-23T09:23:38","modified_gmt":"2025-12-23T08:23:38","slug":"3-stuendiger-uhrenworkshop","status":"publish","type":"product","link":"https:\/\/initium.swiss\/de\/produit\/3-stuendiger-uhrenworkshop\/","title":{"rendered":"3-st\u00fcndiger Uhrmachereikurs"},"content":{"rendered":"\t\t<div data-elementor-type=\"product-post\" data-elementor-id=\"13777\" class=\"elementor elementor-13777 elementor-3476\" data-elementor-post-type=\"product\">\n\t\t\t\t\t\t<section class=\"elementor-section elementor-top-section elementor-element elementor-element-76bc3ea special-slider elementor-section-boxed elementor-section-height-default elementor-section-height-default\" data-id=\"76bc3ea\" data-element_type=\"section\" data-settings=\"{&quot;background_background&quot;:&quot;classic&quot;}\">\n\t\t\t\t\t\t<div class=\"elementor-container elementor-column-gap-default\">\n\t\t\t\t\t<div class=\"elementor-column elementor-col-100 elementor-top-column elementor-element elementor-element-8a02e51\" data-id=\"8a02e51\" data-element_type=\"column\" data-settings=\"{&quot;background_background&quot;:&quot;classic&quot;}\">\n\t\t\t<div class=\"elementor-widget-wrap elementor-element-populated\">\n\t\t\t\t\t\t<div class=\"elementor-element elementor-element-091193d elementor-widget elementor-widget-heading\" data-id=\"091193d\" data-element_type=\"widget\" data-widget_type=\"heading.default\">\n\t\t\t\t<div class=\"elementor-widget-container\">\n\t\t\t\t\t<h2 class=\"elementor-heading-title elementor-size-default\">Einige Eindr\u00fccke<\/h2>\t\t\t\t<\/div>\n\t\t\t\t<\/div>\n\t\t\t\t<div class=\"elementor-element elementor-element-517ee7a elementor-widget__width-initial elementor-arrows-position-inside elementor-widget elementor-widget-image-carousel\" data-id=\"517ee7a\" data-element_type=\"widget\" data-settings=\"{&quot;slides_to_show&quot;:&quot;1&quot;,&quot;slides_to_show_mobile&quot;:&quot;1&quot;,&quot;lazyload&quot;:&quot;yes&quot;,&quot;navigation&quot;:&quot;arrows&quot;,&quot;autoplay&quot;:&quot;yes&quot;,&quot;pause_on_hover&quot;:&quot;yes&quot;,&quot;pause_on_interaction&quot;:&quot;yes&quot;,&quot;autoplay_speed&quot;:5000,&quot;infinite&quot;:&quot;yes&quot;,&quot;effect&quot;:&quot;slide&quot;,&quot;speed&quot;:500}\" data-widget_type=\"image-carousel.default\">\n\t\t\t\t<div class=\"elementor-widget-container\">\n\t\t\t\t\t\t\t<div class=\"elementor-image-carousel-wrapper swiper\" role=\"region\" aria-roledescription=\"carousel\" aria-label=\"Bild Karussell\" dir=\"ltr\">\n\t\t\t<div class=\"elementor-image-carousel swiper-wrapper\" aria-live=\"off\">\n\t\t\t\t\t\t\t\t<div class=\"swiper-slide\" role=\"group\" aria-roledescription=\"slide\" aria-label=\"1 von 3\"><figure class=\"swiper-slide-inner\"><img class=\"swiper-slide-image swiper-lazy\" data-src=\"https:\/\/initium.swiss\/wp-content\/uploads\/2023\/02\/noirmont.jpg\" alt=\"noirmont\" \/><div class=\"swiper-lazy-preloader\"><\/div><\/figure><\/div><div class=\"swiper-slide\" role=\"group\" aria-roledescription=\"slide\" aria-label=\"2 von 3\"><figure class=\"swiper-slide-inner\"><img class=\"swiper-slide-image swiper-lazy\" data-src=\"https:\/\/initium.swiss\/wp-content\/uploads\/2023\/02\/vignette-workshop.jpg\" alt=\"vignette-workshop\" \/><div class=\"swiper-lazy-preloader\"><\/div><\/figure><\/div><div class=\"swiper-slide\" role=\"group\" aria-roledescription=\"slide\" aria-label=\"3 von 3\"><figure class=\"swiper-slide-inner\"><img class=\"swiper-slide-image swiper-lazy\" data-src=\"https:\/\/initium.swiss\/wp-content\/uploads\/2022\/11\/afternoon.jpg\" alt=\"afternoon\" \/><div class=\"swiper-lazy-preloader\"><\/div><\/figure><\/div>\t\t\t<\/div>\n\t\t\t\t\t\t\t\t\t\t\t\t<div class=\"elementor-swiper-button elementor-swiper-button-prev\" role=\"button\" tabindex=\"0\">\n\t\t\t\t\t\t<i aria-hidden=\"true\" class=\"eicon-chevron-left\"><\/i>\t\t\t\t\t<\/div>\n\t\t\t\t\t<div class=\"elementor-swiper-button elementor-swiper-button-next\" role=\"button\" tabindex=\"0\">\n\t\t\t\t\t\t<i aria-hidden=\"true\" class=\"eicon-chevron-right\"><\/i>\t\t\t\t\t<\/div>\n\t\t\t\t\n\t\t\t\t\t\t\t\t\t<\/div>\n\t\t\t\t\t\t<\/div>\n\t\t\t\t<\/div>\n\t\t\t\t\t<\/div>\n\t\t<\/div>\n\t\t\t\t\t<\/div>\n\t\t<\/section>\n\t\t\t\t<section class=\"elementor-section elementor-top-section elementor-element elementor-element-a3515f1 elementor-section-boxed elementor-section-height-default elementor-section-height-default\" data-id=\"a3515f1\" data-element_type=\"section\" data-settings=\"{&quot;background_background&quot;:&quot;classic&quot;}\">\n\t\t\t\t\t\t<div class=\"elementor-container elementor-column-gap-default\">\n\t\t\t\t\t<div class=\"elementor-column elementor-col-100 elementor-top-column elementor-element elementor-element-b5f457c\" data-id=\"b5f457c\" data-element_type=\"column\">\n\t\t\t<div class=\"elementor-widget-wrap elementor-element-populated\">\n\t\t\t\t\t\t<div class=\"elementor-element elementor-element-b1c79c8 elementor-widget elementor-widget-image\" data-id=\"b1c79c8\" data-element_type=\"widget\" data-widget_type=\"image.default\">\n\t\t\t\t<div class=\"elementor-widget-container\">\n\t\t\t\t\t\t\t\t\t\t\t\t\t\t\t<img decoding=\"async\" width=\"150\" height=\"79\" src=\"https:\/\/initium.swiss\/wp-content\/uploads\/2022\/09\/avis.svg\" class=\"attachment-thumbnail size-thumbnail wp-image-11059\" alt=\"\" \/>\t\t\t\t\t\t\t\t\t\t\t\t\t\t\t<\/div>\n\t\t\t\t<\/div>\n\t\t\t\t<div class=\"elementor-element elementor-element-268fd9a elementor-widget elementor-widget-text-editor\" data-id=\"268fd9a\" data-element_type=\"widget\" data-widget_type=\"text-editor.default\">\n\t\t\t\t<div class=\"elementor-widget-container\">\n\t\t\t\t\t\t\t\t\t<p>DURCHSCHNITTLICHE BEWERTUNG<\/p>\t\t\t\t\t\t\t\t<\/div>\n\t\t\t\t<\/div>\n\t\t\t\t<div class=\"elementor-element elementor-element-07131b2 elementor-widget elementor-widget-text-editor\" data-id=\"07131b2\" data-element_type=\"widget\" data-widget_type=\"text-editor.default\">\n\t\t\t\t<div class=\"elementor-widget-container\">\n\t\t\t\t\t\t\t\t\t<p>Zertifiziert von Ekomi the feedback company.<\/p><p><a href=\"https:\/\/www.ekomi.fr\/avis-clients-initium.html\" target=\"_blank\" rel=\"noopener\">Lesen Sie die gepr\u00fcften Meinungen unserer Kunden<\/a><\/p>\t\t\t\t\t\t\t\t<\/div>\n\t\t\t\t<\/div>\n\t\t\t\t\t<\/div>\n\t\t<\/div>\n\t\t\t\t\t<\/div>\n\t\t<\/section>\n\t\t\t\t<section class=\"elementor-section elementor-top-section elementor-element elementor-element-a16cc57 elementor-section-boxed elementor-section-height-default elementor-section-height-default\" data-id=\"a16cc57\" data-element_type=\"section\">\n\t\t\t\t\t\t<div class=\"elementor-container elementor-column-gap-default\">\n\t\t\t\t\t<div class=\"elementor-column elementor-col-100 elementor-top-column elementor-element elementor-element-5021ba0\" data-id=\"5021ba0\" data-element_type=\"column\">\n\t\t\t<div class=\"elementor-widget-wrap elementor-element-populated\">\n\t\t\t\t\t\t<div class=\"elementor-element elementor-element-497b5b7 elementor-widget__width-initial elementor-widget elementor-widget-heading\" data-id=\"497b5b7\" data-element_type=\"widget\" data-widget_type=\"heading.default\">\n\t\t\t\t<div class=\"elementor-widget-container\">\n\t\t\t\t\t<h3 class=\"elementor-heading-title elementor-size-default\">H\u00e4ufig gestellte Fragen<\/h3>\t\t\t\t<\/div>\n\t\t\t\t<\/div>\n\t\t\t\t<div class=\"elementor-element elementor-element-cd5ce9a elementor-widget elementor-widget-eael-adv-accordion\" data-id=\"cd5ce9a\" data-element_type=\"widget\" data-widget_type=\"eael-adv-accordion.default\">\n\t\t\t\t<div class=\"elementor-widget-container\">\n\t\t\t\t\t            <div class=\"eael-adv-accordion\" id=\"eael-adv-accordion-cd5ce9a\" data-scroll-on-click=\"no\" data-scroll-speed=\"300\" data-accordion-id=\"cd5ce9a\" data-accordion-type=\"accordion\" data-toogle-speed=\"100\">\n            <div class=\"eael-accordion-list\">\n\t\t\t\t\t<div id=\"wie-kann-ich-einen-workshop-buchen\" class=\"elementor-tab-title eael-accordion-header\" tabindex=\"0\" data-tab=\"1\" aria-controls=\"elementor-tab-content-2151\"><i aria-hidden=\"true\" class=\"fa-toggle fas fa-angle-right\"><\/i><span class=\"eael-accordion-tab-title\">Wie kann ich einen Workshop buchen?<\/span><span class=\"eael-advanced-accordion-icon-closed\"><i aria-hidden=\"true\" class=\"fa-accordion-icon fas fa-chevron-down\"><\/i><\/span><span class=\"eael-advanced-accordion-icon-opened\"><i aria-hidden=\"true\" class=\"fa-accordion-icon fas fa-chevron-up\"><\/i><\/span><\/div><div id=\"elementor-tab-content-2151\" class=\"eael-accordion-content clearfix\" data-tab=\"1\" aria-labelledby=\"wie-kann-ich-einen-workshop-buchen\"><p>Bei Buchungsanfragen bitten wir Sie, den Kurs zu kaufen, indem Sie oben auf dieser Seite auf die Schaltfl\u00e4che &#8222;<strong>Bestellen<\/strong>&#8220; klicken. Bitte geben Sie Ihre Pr\u00e4ferenzen f\u00fcr Datum, Ort und Sprache in den Bemerkungen im Warenkorb an. <\/p>\n<p>Sollte Ihnen sp\u00e4ter keiner der Terminvorschl\u00e4ge zusagen, erstatten wir Ihnen den vollen Betrag zur\u00fcck.<\/p>\n<p>Sie k\u00f6nnen auch eine Anfrage stellen, indem Sie das oben stehende <strong>Kontaktformular<\/strong> verwenden. Wir werden uns umgehend mit Ihnen in Verbindung setzen. <\/p>\n<\/div>\n\t\t\t\t\t<\/div><div class=\"eael-accordion-list\">\n\t\t\t\t\t<div id=\"kann-ich-meinen-kurs-annullieren-oder-verschieben-welche-kosten-sind-damit-verbunden-\" class=\"elementor-tab-title eael-accordion-header\" tabindex=\"0\" data-tab=\"2\" aria-controls=\"elementor-tab-content-2152\"><i aria-hidden=\"true\" class=\"fa-toggle fas fa-angle-right\"><\/i><span class=\"eael-accordion-tab-title\">Kann ich meinen Kurs annullieren oder verschieben? Welche Kosten sind damit verbunden? <\/span><span class=\"eael-advanced-accordion-icon-closed\"><i aria-hidden=\"true\" class=\"fa-accordion-icon fas fa-chevron-down\"><\/i><\/span><span class=\"eael-advanced-accordion-icon-opened\"><i aria-hidden=\"true\" class=\"fa-accordion-icon fas fa-chevron-up\"><\/i><\/span><\/div><div id=\"elementor-tab-content-2152\" class=\"eael-accordion-content clearfix\" data-tab=\"2\" aria-labelledby=\"kann-ich-meinen-kurs-annullieren-oder-verschieben-welche-kosten-sind-damit-verbunden-\"><p>Ja, ohne Sorgen! Wenn Sie die Fristen zum Annullieren oder Verschieben einhalten, fallen keine Geb\u00fchren an. Weitere Informationen zu diesem Punkt finden Sie in unseren allgemeinen Gesch\u00e4ftsbedingungen unten an der Seite.  <\/p>\n<\/div>\n\t\t\t\t\t<\/div><div class=\"eael-accordion-list\">\n\t\t\t\t\t<div id=\"muss-ich-vorkenntnisse-in-uhrmacherei-mitbringen-um-an-den-initium-kursen-teilnehmen-zu-knnen\" class=\"elementor-tab-title eael-accordion-header\" tabindex=\"0\" data-tab=\"3\" aria-controls=\"elementor-tab-content-2153\"><i aria-hidden=\"true\" class=\"fa-toggle fas fa-angle-right\"><\/i><span class=\"eael-accordion-tab-title\">Muss ich Vorkenntnisse in Uhrmacherei mitbringen, um an den Initium-Kursen teilnehmen zu k\u00f6nnen?<\/span><span class=\"eael-advanced-accordion-icon-closed\"><i aria-hidden=\"true\" class=\"fa-accordion-icon fas fa-chevron-down\"><\/i><\/span><span class=\"eael-advanced-accordion-icon-opened\"><i aria-hidden=\"true\" class=\"fa-accordion-icon fas fa-chevron-up\"><\/i><\/span><\/div><div id=\"elementor-tab-content-2153\" class=\"eael-accordion-content clearfix\" data-tab=\"3\" aria-labelledby=\"muss-ich-vorkenntnisse-in-uhrmacherei-mitbringen-um-an-den-initium-kursen-teilnehmen-zu-knnen\"><p>Nein, das ist nicht n\u00f6tig. Alle unsere Kurse sind so ausgerichtet, dass alle daran teilnehmen k\u00f6nnen. Sie ben\u00f6tigen also keine Vorkenntnisse. <\/p>\n<\/div>\n\t\t\t\t\t<\/div><div class=\"eael-accordion-list\">\n\t\t\t\t\t<div id=\"welche-zahlungsmglichkeiten-gibt-es\" class=\"elementor-tab-title eael-accordion-header\" tabindex=\"0\" data-tab=\"4\" aria-controls=\"elementor-tab-content-2154\"><i aria-hidden=\"true\" class=\"fa-toggle fas fa-angle-right\"><\/i><span class=\"eael-accordion-tab-title\">Welche Zahlungsm\u00f6glichkeiten gibt es?<\/span><span class=\"eael-advanced-accordion-icon-closed\"><i aria-hidden=\"true\" class=\"fa-accordion-icon fas fa-chevron-down\"><\/i><\/span><span class=\"eael-advanced-accordion-icon-opened\"><i aria-hidden=\"true\" class=\"fa-accordion-icon fas fa-chevron-up\"><\/i><\/span><\/div><div id=\"elementor-tab-content-2154\" class=\"eael-accordion-content clearfix\" data-tab=\"4\" aria-labelledby=\"welche-zahlungsmglichkeiten-gibt-es\"><p>Die zur Verf\u00fcgung stehenden Zahlungsmittel sind :<\/p>\n<ul>\n<li>Bank\u00fcberweisung<\/li>\n<li>Visa &#8211; Mastercard<\/li>\n<li>PayPal<\/li>\n<li>Twint<\/li>\n<\/ul>\n<\/div>\n\t\t\t\t\t<\/div><div class=\"eael-accordion-list\">\n\t\t\t\t\t<div id=\"in-welcher-sprache-kann-ich-einen-workshop-bei-initium-besuchen\" class=\"elementor-tab-title eael-accordion-header\" tabindex=\"0\" data-tab=\"5\" aria-controls=\"elementor-tab-content-2155\"><i aria-hidden=\"true\" class=\"fa-toggle fas fa-angle-right\"><\/i><span class=\"eael-accordion-tab-title\">In welcher Sprache kann ich einen Workshop bei Initium besuchen?<\/span><span class=\"eael-advanced-accordion-icon-closed\"><i aria-hidden=\"true\" class=\"fa-accordion-icon fas fa-chevron-down\"><\/i><\/span><span class=\"eael-advanced-accordion-icon-opened\"><i aria-hidden=\"true\" class=\"fa-accordion-icon fas fa-chevron-up\"><\/i><\/span><\/div><div id=\"elementor-tab-content-2155\" class=\"eael-accordion-content clearfix\" data-tab=\"5\" aria-labelledby=\"in-welcher-sprache-kann-ich-einen-workshop-bei-initium-besuchen\"><p>Alle unsere Workshops k\u00f6nnen auf Deutsch, Englisch, Franz\u00f6sisch, Italienisch oder Spanisch abgehalten werden.<\/p>\n<p>F\u00fcr andere Sprachen als Franz\u00f6sisch und Englisch gibt es jedoch weniger Daten.<\/p>\n<p>Es ist auch m\u00f6glich, einen Workshop auf Chinesisch, Russisch, Arabisch usw. mit einem \u00dcbersetzer zu besuchen, wobei zus\u00e4tzliche Kosten anfallen.<\/p>\n<\/div>\n\t\t\t\t\t<\/div><\/div>\t\t\t\t<\/div>\n\t\t\t\t<\/div>\n\t\t\t\t\t<\/div>\n\t\t<\/div>\n\t\t\t\t\t<\/div>\n\t\t<\/section>\n\t\t\t\t<\/div>\n\t\t","protected":false},"excerpt":{"rendered":"<p style=\"font-weight: 400;\">EINE SPIELERISCHE, DIDAKTISCH KONZIPIERTE EINF\u00dcHRUNG IN DIE UHRMACHEREI<\/p>\n<p><span style=\"font-weight: 400;\">Tauchen Sie in die Geschichte der Uhrmacherei ein, bevor Sie sich daranmachen, mit der Unterst\u00fctzung eines Uhrmachermeisters ein mechanisches Uhrwerk auseinanderzunehmen und wieder zusammenzubauen. <\/span><\/p>\n","protected":false},"featured_media":11641,"comment_status":"closed","ping_status":"closed","template":"","meta":{"_acf_changed":false},"product_brand":[],"product_cat":[184,142],"product_tag":[],"giftcard-category":[],"class_list":{"0":"post-13777","1":"product","2":"type-product","3":"status-publish","4":"has-post-thumbnail","6":"product_cat-uhrmacherei","7":"product_cat-workshop-de","9":"first","10":"instock","11":"taxable","12":"shipping-taxable","13":"purchasable","14":"product-type-variable"},"acf":[],"yoast_head":"<!-- This site is optimized with the Yoast SEO plugin v26.8 - https:\/\/yoast.com\/product\/yoast-seo-wordpress\/ -->\n<title>Dreist\u00fcndige Einf\u00fchrungskurse und Workshops in Uhrmacherkunst<\/title>\n<meta name=\"description\" content=\"Initium bietet verschiedene Uhrmacherkurse an. Jede Option erlaubt es dem Teilnehmer, seine eigene Schweizer Uhr herzustellen.\" \/>\n<meta name=\"robots\" content=\"index, follow, max-snippet:-1, max-image-preview:large, max-video-preview:-1\" \/>\n<link rel=\"canonical\" href=\"https:\/\/initium.swiss\/de\/produit\/3-stuendiger-uhrenworkshop\/\" \/>\n<meta property=\"og:locale\" content=\"de_DE\" \/>\n<meta property=\"og:type\" content=\"article\" \/>\n<meta property=\"og:title\" content=\"Dreist\u00fcndige Einf\u00fchrungskurse und Workshops in Uhrmacherkunst\" \/>\n<meta property=\"og:description\" content=\"Initium bietet verschiedene Uhrmacherkurse an. Jede Option erlaubt es dem Teilnehmer, seine eigene Schweizer Uhr herzustellen.\" \/>\n<meta property=\"og:url\" content=\"https:\/\/initium.swiss\/de\/produit\/3-stuendiger-uhrenworkshop\/\" \/>\n<meta property=\"og:site_name\" content=\"Initium\" \/>\n<meta property=\"article:publisher\" content=\"https:\/\/www.facebook.com\/InitiumWatches\/\" \/>\n<meta property=\"article:modified_time\" content=\"2025-12-23T08:23:38+00:00\" \/>\n<meta property=\"og:image\" content=\"https:\/\/initium.swiss\/wp-content\/uploads\/2022\/10\/Alpha.jpg\" \/>\n\t<meta property=\"og:image:width\" content=\"960\" \/>\n\t<meta property=\"og:image:height\" content=\"1080\" \/>\n\t<meta property=\"og:image:type\" content=\"image\/jpeg\" \/>\n<meta name=\"twitter:card\" content=\"summary_large_image\" \/>\n<meta name=\"twitter:site\" content=\"@initiumwatches\" \/>\n<meta name=\"twitter:label1\" content=\"Gesch\u00e4tzte Lesezeit\" \/>\n\t<meta name=\"twitter:data1\" content=\"3\u00a0Minuten\" \/>\n<script type=\"application\/ld+json\" class=\"yoast-schema-graph\">{\"@context\":\"https:\/\/schema.org\",\"@graph\":[{\"@type\":\"WebPage\",\"@id\":\"https:\/\/initium.swiss\/de\/produit\/3-stuendiger-uhrenworkshop\/\",\"url\":\"https:\/\/initium.swiss\/de\/produit\/3-stuendiger-uhrenworkshop\/\",\"name\":\"Dreist\u00fcndige Einf\u00fchrungskurse und Workshops in Uhrmacherkunst\",\"isPartOf\":{\"@id\":\"https:\/\/initium.swiss\/de\/#website\"},\"primaryImageOfPage\":{\"@id\":\"https:\/\/initium.swiss\/de\/produit\/3-stuendiger-uhrenworkshop\/#primaryimage\"},\"image\":{\"@id\":\"https:\/\/initium.swiss\/de\/produit\/3-stuendiger-uhrenworkshop\/#primaryimage\"},\"thumbnailUrl\":\"https:\/\/initium.swiss\/wp-content\/uploads\/2022\/10\/Alpha.jpg\",\"datePublished\":\"2022-10-07T11:00:44+00:00\",\"dateModified\":\"2025-12-23T08:23:38+00:00\",\"description\":\"Initium bietet verschiedene Uhrmacherkurse an. Jede Option erlaubt es dem Teilnehmer, seine eigene Schweizer Uhr herzustellen.\",\"breadcrumb\":{\"@id\":\"https:\/\/initium.swiss\/de\/produit\/3-stuendiger-uhrenworkshop\/#breadcrumb\"},\"inLanguage\":\"de\",\"potentialAction\":[{\"@type\":\"ReadAction\",\"target\":[\"https:\/\/initium.swiss\/de\/produit\/3-stuendiger-uhrenworkshop\/\"]}]},{\"@type\":\"ImageObject\",\"inLanguage\":\"de\",\"@id\":\"https:\/\/initium.swiss\/de\/produit\/3-stuendiger-uhrenworkshop\/#primaryimage\",\"url\":\"https:\/\/initium.swiss\/wp-content\/uploads\/2022\/10\/Alpha.jpg\",\"contentUrl\":\"https:\/\/initium.swiss\/wp-content\/uploads\/2022\/10\/Alpha.jpg\",\"width\":960,\"height\":1080},{\"@type\":\"BreadcrumbList\",\"@id\":\"https:\/\/initium.swiss\/de\/produit\/3-stuendiger-uhrenworkshop\/#breadcrumb\",\"itemListElement\":[{\"@type\":\"ListItem\",\"position\":1,\"name\":\"Accueil\",\"item\":\"https:\/\/initium.swiss\/de\/\"},{\"@type\":\"ListItem\",\"position\":2,\"name\":\"Produkte\",\"item\":\"https:\/\/initium.swiss\/de\/shop\/\"},{\"@type\":\"ListItem\",\"position\":3,\"name\":\"3-st\u00fcndiger Uhrmachereikurs\"}]},{\"@type\":\"WebSite\",\"@id\":\"https:\/\/initium.swiss\/de\/#website\",\"url\":\"https:\/\/initium.swiss\/de\/\",\"name\":\"Initium\",\"description\":\"\ufeffCreate your own swiss watch\",\"publisher\":{\"@id\":\"https:\/\/initium.swiss\/de\/#organization\"},\"alternateName\":\"Cr\u00e9er et fabriquer sa propre montre suisse - Initium Watches SA\",\"potentialAction\":[{\"@type\":\"SearchAction\",\"target\":{\"@type\":\"EntryPoint\",\"urlTemplate\":\"https:\/\/initium.swiss\/de\/?s={search_term_string}\"},\"query-input\":{\"@type\":\"PropertyValueSpecification\",\"valueRequired\":true,\"valueName\":\"search_term_string\"}}],\"inLanguage\":\"de\"},{\"@type\":\"Organization\",\"@id\":\"https:\/\/initium.swiss\/de\/#organization\",\"name\":\"Initium Watches SA\",\"alternateName\":\"Cr\u00e9er et fabriquer sa propre montre ou bijou suisse - Initium Watches SA\",\"url\":\"https:\/\/initium.swiss\/de\/\",\"logo\":{\"@type\":\"ImageObject\",\"inLanguage\":\"de\",\"@id\":\"https:\/\/initium.swiss\/de\/#\/schema\/logo\/image\/\",\"url\":\"https:\/\/initium.swiss\/wp-content\/uploads\/2023\/08\/noir-initium-new-logo.svg\",\"contentUrl\":\"https:\/\/initium.swiss\/wp-content\/uploads\/2023\/08\/noir-initium-new-logo.svg\",\"width\":1,\"height\":1,\"caption\":\"Initium Watches SA\"},\"image\":{\"@id\":\"https:\/\/initium.swiss\/de\/#\/schema\/logo\/image\/\"},\"sameAs\":[\"https:\/\/www.facebook.com\/InitiumWatches\/\",\"https:\/\/x.com\/initiumwatches\",\"https:\/\/www.instagram.com\/initiumwatches\/\",\"https:\/\/www.youtube.com\/c\/InitiumCh\",\"https:\/\/www.pinterest.ch\/initiumwatches\/\"]}]}<\/script>\n<!-- \/ Yoast SEO plugin. -->","yoast_head_json":{"title":"Dreist\u00fcndige Einf\u00fchrungskurse und Workshops in Uhrmacherkunst","description":"Initium bietet verschiedene Uhrmacherkurse an. Jede Option erlaubt es dem Teilnehmer, seine eigene Schweizer Uhr herzustellen.","robots":{"index":"index","follow":"follow","max-snippet":"max-snippet:-1","max-image-preview":"max-image-preview:large","max-video-preview":"max-video-preview:-1"},"canonical":"https:\/\/initium.swiss\/de\/produit\/3-stuendiger-uhrenworkshop\/","og_locale":"de_DE","og_type":"article","og_title":"Dreist\u00fcndige Einf\u00fchrungskurse und Workshops in Uhrmacherkunst","og_description":"Initium bietet verschiedene Uhrmacherkurse an. Jede Option erlaubt es dem Teilnehmer, seine eigene Schweizer Uhr herzustellen.","og_url":"https:\/\/initium.swiss\/de\/produit\/3-stuendiger-uhrenworkshop\/","og_site_name":"Initium","article_publisher":"https:\/\/www.facebook.com\/InitiumWatches\/","article_modified_time":"2025-12-23T08:23:38+00:00","og_image":[{"width":960,"height":1080,"url":"https:\/\/initium.swiss\/wp-content\/uploads\/2022\/10\/Alpha.jpg","type":"image\/jpeg"}],"twitter_card":"summary_large_image","twitter_site":"@initiumwatches","twitter_misc":{"Gesch\u00e4tzte Lesezeit":"3\u00a0Minuten"},"schema":{"@context":"https:\/\/schema.org","@graph":[{"@type":"WebPage","@id":"https:\/\/initium.swiss\/de\/produit\/3-stuendiger-uhrenworkshop\/","url":"https:\/\/initium.swiss\/de\/produit\/3-stuendiger-uhrenworkshop\/","name":"Dreist\u00fcndige Einf\u00fchrungskurse und Workshops in Uhrmacherkunst","isPartOf":{"@id":"https:\/\/initium.swiss\/de\/#website"},"primaryImageOfPage":{"@id":"https:\/\/initium.swiss\/de\/produit\/3-stuendiger-uhrenworkshop\/#primaryimage"},"image":{"@id":"https:\/\/initium.swiss\/de\/produit\/3-stuendiger-uhrenworkshop\/#primaryimage"},"thumbnailUrl":"https:\/\/initium.swiss\/wp-content\/uploads\/2022\/10\/Alpha.jpg","datePublished":"2022-10-07T11:00:44+00:00","dateModified":"2025-12-23T08:23:38+00:00","description":"Initium bietet verschiedene Uhrmacherkurse an. Jede Option erlaubt es dem Teilnehmer, seine eigene Schweizer Uhr herzustellen.","breadcrumb":{"@id":"https:\/\/initium.swiss\/de\/produit\/3-stuendiger-uhrenworkshop\/#breadcrumb"},"inLanguage":"de","potentialAction":[{"@type":"ReadAction","target":["https:\/\/initium.swiss\/de\/produit\/3-stuendiger-uhrenworkshop\/"]}]},{"@type":"ImageObject","inLanguage":"de","@id":"https:\/\/initium.swiss\/de\/produit\/3-stuendiger-uhrenworkshop\/#primaryimage","url":"https:\/\/initium.swiss\/wp-content\/uploads\/2022\/10\/Alpha.jpg","contentUrl":"https:\/\/initium.swiss\/wp-content\/uploads\/2022\/10\/Alpha.jpg","width":960,"height":1080},{"@type":"BreadcrumbList","@id":"https:\/\/initium.swiss\/de\/produit\/3-stuendiger-uhrenworkshop\/#breadcrumb","itemListElement":[{"@type":"ListItem","position":1,"name":"Accueil","item":"https:\/\/initium.swiss\/de\/"},{"@type":"ListItem","position":2,"name":"Produkte","item":"https:\/\/initium.swiss\/de\/shop\/"},{"@type":"ListItem","position":3,"name":"3-st\u00fcndiger Uhrmachereikurs"}]},{"@type":"WebSite","@id":"https:\/\/initium.swiss\/de\/#website","url":"https:\/\/initium.swiss\/de\/","name":"Initium","description":"\ufeffCreate your own swiss watch","publisher":{"@id":"https:\/\/initium.swiss\/de\/#organization"},"alternateName":"Cr\u00e9er et fabriquer sa propre montre suisse - Initium Watches SA","potentialAction":[{"@type":"SearchAction","target":{"@type":"EntryPoint","urlTemplate":"https:\/\/initium.swiss\/de\/?s={search_term_string}"},"query-input":{"@type":"PropertyValueSpecification","valueRequired":true,"valueName":"search_term_string"}}],"inLanguage":"de"},{"@type":"Organization","@id":"https:\/\/initium.swiss\/de\/#organization","name":"Initium Watches SA","alternateName":"Cr\u00e9er et fabriquer sa propre montre ou bijou suisse - Initium Watches SA","url":"https:\/\/initium.swiss\/de\/","logo":{"@type":"ImageObject","inLanguage":"de","@id":"https:\/\/initium.swiss\/de\/#\/schema\/logo\/image\/","url":"https:\/\/initium.swiss\/wp-content\/uploads\/2023\/08\/noir-initium-new-logo.svg","contentUrl":"https:\/\/initium.swiss\/wp-content\/uploads\/2023\/08\/noir-initium-new-logo.svg","width":1,"height":1,"caption":"Initium Watches SA"},"image":{"@id":"https:\/\/initium.swiss\/de\/#\/schema\/logo\/image\/"},"sameAs":["https:\/\/www.facebook.com\/InitiumWatches\/","https:\/\/x.com\/initiumwatches","https:\/\/www.instagram.com\/initiumwatches\/","https:\/\/www.youtube.com\/c\/InitiumCh","https:\/\/www.pinterest.ch\/initiumwatches\/"]}]}},"_links":{"self":[{"href":"https:\/\/initium.swiss\/de\/wp-json\/wp\/v2\/product\/13777","targetHints":{"allow":["GET"]}}],"collection":[{"href":"https:\/\/initium.swiss\/de\/wp-json\/wp\/v2\/product"}],"about":[{"href":"https:\/\/initium.swiss\/de\/wp-json\/wp\/v2\/types\/product"}],"replies":[{"embeddable":true,"href":"https:\/\/initium.swiss\/de\/wp-json\/wp\/v2\/comments?post=13777"}],"version-history":[{"count":5,"href":"https:\/\/initium.swiss\/de\/wp-json\/wp\/v2\/product\/13777\/revisions"}],"predecessor-version":[{"id":29541,"href":"https:\/\/initium.swiss\/de\/wp-json\/wp\/v2\/product\/13777\/revisions\/29541"}],"wp:featuredmedia":[{"embeddable":true,"href":"https:\/\/initium.swiss\/de\/wp-json\/wp\/v2\/media\/11641"}],"wp:attachment":[{"href":"https:\/\/initium.swiss\/de\/wp-json\/wp\/v2\/media?parent=13777"}],"wp:term":[{"taxonomy":"product_brand","embeddable":true,"href":"https:\/\/initium.swiss\/de\/wp-json\/wp\/v2\/product_brand?post=13777"},{"taxonomy":"product_cat","embeddable":true,"href":"https:\/\/initium.swiss\/de\/wp-json\/wp\/v2\/product_cat?post=13777"},{"taxonomy":"product_tag","embeddable":true,"href":"https:\/\/initium.swiss\/de\/wp-json\/wp\/v2\/product_tag?post=13777"},{"taxonomy":"giftcard-category","embeddable":true,"href":"https:\/\/initium.swiss\/de\/wp-json\/wp\/v2\/giftcard-category?post=13777"}],"curies":[{"name":"wp","href":"https:\/\/api.w.org\/{rel}","templated":true}]}}