{"id":13994,"date":"2022-10-07T12:42:27","date_gmt":"2022-10-07T10:42:27","guid":{"rendered":"https:\/\/initium.swiss\/produit\/halbtaegiger-uhrenworkshop\/"},"modified":"2025-12-23T09:33:09","modified_gmt":"2025-12-23T08:33:09","slug":"halbtaegiger-uhrenworkshop","status":"publish","type":"product","link":"https:\/\/initium.swiss\/de\/produit\/halbtaegiger-uhrenworkshop\/","title":{"rendered":"Halbt\u00e4giger Kurs in Uhrmacherei"},"content":{"rendered":"\t\t<div data-elementor-type=\"product-post\" data-elementor-id=\"13994\" class=\"elementor elementor-13994 elementor-3456\" data-elementor-post-type=\"product\">\n\t\t\t\t\t\t<section class=\"elementor-section elementor-top-section elementor-element elementor-element-628ff7d elementor-section-boxed elementor-section-height-default elementor-section-height-default\" data-id=\"628ff7d\" data-element_type=\"section\">\n\t\t\t\t\t\t<div class=\"elementor-container elementor-column-gap-default\">\n\t\t\t\t\t<div class=\"elementor-column elementor-col-100 elementor-top-column elementor-element elementor-element-d5c9377\" data-id=\"d5c9377\" data-element_type=\"column\">\n\t\t\t<div class=\"elementor-widget-wrap elementor-element-populated\">\n\t\t\t\t\t\t<div class=\"elementor-element elementor-element-cfd4d2f elementor-widget elementor-widget-heading\" data-id=\"cfd4d2f\" data-element_type=\"widget\" data-widget_type=\"heading.default\">\n\t\t\t\t<div class=\"elementor-widget-container\">\n\t\t\t\t\t<h3 class=\"elementor-heading-title elementor-size-default\">W\u00e4hlen Sie das Modell, das zu Ihnen passt<\/h3>\t\t\t\t<\/div>\n\t\t\t\t<\/div>\n\t\t\t\t<section class=\"elementor-section elementor-inner-section elementor-element elementor-element-88c58d2 elementor-section-boxed elementor-section-height-default elementor-section-height-default\" data-id=\"88c58d2\" data-element_type=\"section\">\n\t\t\t\t\t\t<div class=\"elementor-container elementor-column-gap-default\">\n\t\t\t\t\t<div class=\"elementor-column elementor-col-50 elementor-inner-column elementor-element elementor-element-4195be0\" data-id=\"4195be0\" data-element_type=\"column\" data-settings=\"{&quot;background_background&quot;:&quot;classic&quot;}\">\n\t\t\t<div class=\"elementor-widget-wrap elementor-element-populated\">\n\t\t\t\t\t\t<div class=\"elementor-element elementor-element-a34bafd elementor-widget elementor-widget-heading\" data-id=\"a34bafd\" data-element_type=\"widget\" data-widget_type=\"heading.default\">\n\t\t\t\t<div class=\"elementor-widget-container\">\n\t\t\t\t\t<h5 class=\"elementor-heading-title elementor-size-default\">Uhr mit Handaufzug<\/h5>\t\t\t\t<\/div>\n\t\t\t\t<\/div>\n\t\t\t\t<div class=\"elementor-element elementor-element-2727fd1 elementor-widget elementor-widget-text-editor\" data-id=\"2727fd1\" data-element_type=\"widget\" data-widget_type=\"text-editor.default\">\n\t\t\t\t<div class=\"elementor-widget-container\">\n\t\t\t\t\t\t\t\t\t<p style=\"text-align: left;\">Eine mechanische Uhr mit Handaufzug m\u00fcssen Sie von Hand aufziehen. Idealerweise sollte das ein Mal pro Tag durchgef\u00fchrt werden, indem man die Krone im Uhrzeigersinn dreht.<\/p><div class=\"flex-liste\"><ul style=\"text-align: left;\"><li>Handaufzugswerk ETA 6497, hergestellt in der Schweiz<\/li><li>Gangreserve von 42 Std.<\/li><li>Funktionen: Stunde, Minute und kleine Sekunde (bei 9 Uhr)<\/li><li>Geh\u00e4use aus Stahl, Durchmesser von 42 mm bis 48 mm<\/li><\/ul><ul><li style=\"text-align: left;\">Breite der Armb\u00e4nder von 22 mm<\/li><li style=\"text-align: left;\">Uhrglas aus Saphirglas, transparenter Geh\u00e4useboden aus Mineralglas<\/li><li style=\"text-align: left;\">Wasserdicht bis 3 ATM (30 Meter)<\/li><li style=\"text-align: left;\">Garantie der Uhr: 2 Jahre<\/li><\/ul><\/div>\t\t\t\t\t\t\t\t<\/div>\n\t\t\t\t<\/div>\n\t\t\t\t\t<\/div>\n\t\t<\/div>\n\t\t\t\t<div class=\"elementor-column elementor-col-50 elementor-inner-column elementor-element elementor-element-563f21a\" data-id=\"563f21a\" data-element_type=\"column\" data-settings=\"{&quot;background_background&quot;:&quot;classic&quot;}\">\n\t\t\t<div class=\"elementor-widget-wrap elementor-element-populated\">\n\t\t\t\t\t\t<div class=\"elementor-element elementor-element-03911ce elementor-widget elementor-widget-heading\" data-id=\"03911ce\" data-element_type=\"widget\" data-widget_type=\"heading.default\">\n\t\t\t\t<div class=\"elementor-widget-container\">\n\t\t\t\t\t<h5 class=\"elementor-heading-title elementor-size-default\">Uhr mit Automatikaufzug<\/h5>\t\t\t\t<\/div>\n\t\t\t\t<\/div>\n\t\t\t\t<div class=\"elementor-element elementor-element-56f1980 elementor-widget elementor-widget-text-editor\" data-id=\"56f1980\" data-element_type=\"widget\" data-widget_type=\"text-editor.default\">\n\t\t\t\t<div class=\"elementor-widget-container\">\n\t\t\t\t\t\t\t\t\t<p style=\"text-align: left;\">Eine mechanische Automatikuhr l\u00e4dt sich automatisch auf, wenn Sie sie tragen, dank der vom Handgelenk mit jeder Bewegung erzeugten Energie. Da die Automatikuhr von Initium \u00fcber eine Gangreserve von 38 Stunden verf\u00fcgt, bleibt sie nach dieser Zeit stehen, wenn sie nicht getragen wird. Dann kann man sie von Hand \u00fcber die Krone aufziehen.<\/p><ul style=\"text-align: left;\"><li>Automatikwerk ETA 2892 oder SW300, hergestellt in der Schweiz<\/li><li>Gangreserve von 38 Std.<\/li><li>Funktionen: Stunde, Minute und Sekunde + M\u00f6glichkeit des Datums bei nicht skelettiertem Uhrwerk<\/li><li>Geh\u00e4use aus Stahl, Durchmesser von 33 mm bis 42 mm<\/li><\/ul><ul><li style=\"text-align: left;\">Breite der Armb\u00e4nder von 22 mm<\/li><li style=\"text-align: left;\">Uhrglas aus Saphirglas, transparenter Geh\u00e4useboden aus Mineralglas<\/li><li style=\"text-align: left;\">Wasserdicht bis 3 ATM (30 Meter)<\/li><li style=\"text-align: left;\">Garantie der Uhr: 2 Jahre<\/li><\/ul>\t\t\t\t\t\t\t\t<\/div>\n\t\t\t\t<\/div>\n\t\t\t\t\t<\/div>\n\t\t<\/div>\n\t\t\t\t\t<\/div>\n\t\t<\/section>\n\t\t\t\t\t<\/div>\n\t\t<\/div>\n\t\t\t\t\t<\/div>\n\t\t<\/section>\n\t\t\t\t<section class=\"elementor-section elementor-top-section elementor-element elementor-element-a00d02a elementor-section-boxed elementor-section-height-default elementor-section-height-default\" data-id=\"a00d02a\" data-element_type=\"section\">\n\t\t\t\t\t\t<div class=\"elementor-container elementor-column-gap-default\">\n\t\t\t\t\t<div class=\"elementor-column elementor-col-100 elementor-top-column elementor-element elementor-element-d49c0aa\" data-id=\"d49c0aa\" data-element_type=\"column\">\n\t\t\t<div class=\"elementor-widget-wrap elementor-element-populated\">\n\t\t\t\t\t\t<div class=\"elementor-element elementor-element-cbc0c17 elementor-widget__width-initial elementor-widget elementor-widget-heading\" data-id=\"cbc0c17\" data-element_type=\"widget\" data-widget_type=\"heading.default\">\n\t\t\t\t<div class=\"elementor-widget-container\">\n\t\t\t\t\t<h3 class=\"elementor-heading-title elementor-size-default\">H\u00e4ufig gestellte Fragen<\/h3>\t\t\t\t<\/div>\n\t\t\t\t<\/div>\n\t\t\t\t<div class=\"elementor-element elementor-element-aecec56 elementor-widget elementor-widget-eael-adv-accordion\" data-id=\"aecec56\" data-element_type=\"widget\" data-widget_type=\"eael-adv-accordion.default\">\n\t\t\t\t<div class=\"elementor-widget-container\">\n\t\t\t\t\t            <div class=\"eael-adv-accordion\" id=\"eael-adv-accordion-aecec56\" data-scroll-on-click=\"no\" data-scroll-speed=\"300\" data-accordion-id=\"aecec56\" data-accordion-type=\"accordion\" data-toogle-speed=\"100\">\n            <div class=\"eael-accordion-list\">\n\t\t\t\t\t<div id=\"wie-kann-ich-einen-workshop-buchen\" class=\"elementor-tab-title eael-accordion-header\" tabindex=\"0\" data-tab=\"1\" aria-controls=\"elementor-tab-content-1831\"><i aria-hidden=\"true\" class=\"fa-toggle fas fa-angle-right\"><\/i><span class=\"eael-accordion-tab-title\">Wie kann ich einen Workshop buchen?<\/span><span class=\"eael-advanced-accordion-icon-closed\"><i aria-hidden=\"true\" class=\"fa-accordion-icon fas fa-chevron-down\"><\/i><\/span><span class=\"eael-advanced-accordion-icon-opened\"><i aria-hidden=\"true\" class=\"fa-accordion-icon fas fa-chevron-up\"><\/i><\/span><\/div><div id=\"elementor-tab-content-1831\" class=\"eael-accordion-content clearfix\" data-tab=\"1\" aria-labelledby=\"wie-kann-ich-einen-workshop-buchen\"><p>Bei Buchungsanfragen bitten wir Sie, den Kurs zu kaufen, indem Sie oben auf dieser Seite auf die Schaltfl\u00e4che &#8222;<strong>Bestellen<\/strong>&#8220; klicken. Bitte geben Sie Ihre Pr\u00e4ferenzen f\u00fcr Datum, Ort und Sprache in den Bemerkungen im Warenkorb an. <\/p>\n<p>Sollte Ihnen sp\u00e4ter keiner der Terminvorschl\u00e4ge zusagen, erstatten wir Ihnen den vollen Betrag zur\u00fcck.<\/p>\n<p>Sie k\u00f6nnen auch eine Anfrage stellen, indem Sie das oben stehende <strong>Kontaktformular<\/strong> verwenden. Wir werden uns umgehend mit Ihnen in Verbindung setzen. <\/p>\n<\/div>\n\t\t\t\t\t<\/div><div class=\"eael-accordion-list\">\n\t\t\t\t\t<div id=\"kann-ich-meinen-kurs-annullieren-oder-verschieben-welche-kosten-sind-damit-verbunden-\" class=\"elementor-tab-title eael-accordion-header\" tabindex=\"0\" data-tab=\"2\" aria-controls=\"elementor-tab-content-1832\"><i aria-hidden=\"true\" class=\"fa-toggle fas fa-angle-right\"><\/i><span class=\"eael-accordion-tab-title\">Kann ich meinen Kurs annullieren oder verschieben? Welche Kosten sind damit verbunden? <\/span><span class=\"eael-advanced-accordion-icon-closed\"><i aria-hidden=\"true\" class=\"fa-accordion-icon fas fa-chevron-down\"><\/i><\/span><span class=\"eael-advanced-accordion-icon-opened\"><i aria-hidden=\"true\" class=\"fa-accordion-icon fas fa-chevron-up\"><\/i><\/span><\/div><div id=\"elementor-tab-content-1832\" class=\"eael-accordion-content clearfix\" data-tab=\"2\" aria-labelledby=\"kann-ich-meinen-kurs-annullieren-oder-verschieben-welche-kosten-sind-damit-verbunden-\"><p>Ja, ohne Sorgen! Wenn Sie die Fristen zum Annullieren oder Verschieben einhalten, fallen keine Geb\u00fchren an. Weitere Informationen zu diesem Punkt finden Sie in unseren allgemeinen Gesch\u00e4ftsbedingungen unten an der Seite.  <\/p>\n<\/div>\n\t\t\t\t\t<\/div><div class=\"eael-accordion-list\">\n\t\t\t\t\t<div id=\"muss-ich-vorkenntnisse-in-uhrmacherei-mitbringen-um-an-den-initium-kursen-teilnehmen-zu-knnen\" class=\"elementor-tab-title eael-accordion-header\" tabindex=\"0\" data-tab=\"3\" aria-controls=\"elementor-tab-content-1833\"><i aria-hidden=\"true\" class=\"fa-toggle fas fa-angle-right\"><\/i><span class=\"eael-accordion-tab-title\">Muss ich Vorkenntnisse in Uhrmacherei mitbringen, um an den Initium-Kursen teilnehmen zu k\u00f6nnen?<\/span><span class=\"eael-advanced-accordion-icon-closed\"><i aria-hidden=\"true\" class=\"fa-accordion-icon fas fa-chevron-down\"><\/i><\/span><span class=\"eael-advanced-accordion-icon-opened\"><i aria-hidden=\"true\" class=\"fa-accordion-icon fas fa-chevron-up\"><\/i><\/span><\/div><div id=\"elementor-tab-content-1833\" class=\"eael-accordion-content clearfix\" data-tab=\"3\" aria-labelledby=\"muss-ich-vorkenntnisse-in-uhrmacherei-mitbringen-um-an-den-initium-kursen-teilnehmen-zu-knnen\"><p>Nein, das ist nicht n\u00f6tig. Alle unsere Kurse sind so ausgerichtet, dass alle daran teilnehmen k\u00f6nnen. Sie ben\u00f6tigen also keine Vorkenntnisse. <\/p>\n<\/div>\n\t\t\t\t\t<\/div><div class=\"eael-accordion-list\">\n\t\t\t\t\t<div id=\"welche-zahlungsmglichkeiten-gibt-es\" class=\"elementor-tab-title eael-accordion-header\" tabindex=\"0\" data-tab=\"4\" aria-controls=\"elementor-tab-content-1834\"><i aria-hidden=\"true\" class=\"fa-toggle fas fa-angle-right\"><\/i><span class=\"eael-accordion-tab-title\">Welche Zahlungsm\u00f6glichkeiten gibt es?<\/span><span class=\"eael-advanced-accordion-icon-closed\"><i aria-hidden=\"true\" class=\"fa-accordion-icon fas fa-chevron-down\"><\/i><\/span><span class=\"eael-advanced-accordion-icon-opened\"><i aria-hidden=\"true\" class=\"fa-accordion-icon fas fa-chevron-up\"><\/i><\/span><\/div><div id=\"elementor-tab-content-1834\" class=\"eael-accordion-content clearfix\" data-tab=\"4\" aria-labelledby=\"welche-zahlungsmglichkeiten-gibt-es\"><p>Die zur Verf\u00fcgung stehenden Zahlungsmittel sind :<\/p>\n<ul>\n<li>Bank\u00fcberweisung<\/li>\n<li>Visa &#8211; Mastercard<\/li>\n<li>PayPal<\/li>\n<li>Twint<\/li>\n<\/ul>\n<\/div>\n\t\t\t\t\t<\/div><div class=\"eael-accordion-list\">\n\t\t\t\t\t<div id=\"in-welcher-sprache-kann-ich-einen-workshop-bei-initium-besuchen\" class=\"elementor-tab-title eael-accordion-header\" tabindex=\"0\" data-tab=\"5\" aria-controls=\"elementor-tab-content-1835\"><i aria-hidden=\"true\" class=\"fa-toggle fas fa-angle-right\"><\/i><span class=\"eael-accordion-tab-title\">In welcher Sprache kann ich einen Workshop bei Initium besuchen?<\/span><span class=\"eael-advanced-accordion-icon-closed\"><i aria-hidden=\"true\" class=\"fa-accordion-icon fas fa-chevron-down\"><\/i><\/span><span class=\"eael-advanced-accordion-icon-opened\"><i aria-hidden=\"true\" class=\"fa-accordion-icon fas fa-chevron-up\"><\/i><\/span><\/div><div id=\"elementor-tab-content-1835\" class=\"eael-accordion-content clearfix\" data-tab=\"5\" aria-labelledby=\"in-welcher-sprache-kann-ich-einen-workshop-bei-initium-besuchen\"><p>Alle unsere Workshops k\u00f6nnen auf Deutsch, Englisch, Franz\u00f6sisch, Italienisch oder Spanisch abgehalten werden.<\/p>\n<p>F\u00fcr andere Sprachen als Franz\u00f6sisch und Englisch gibt es jedoch weniger Daten.<\/p>\n<p>Es ist auch m\u00f6glich, einen Workshop auf Chinesisch, Russisch, Arabisch usw. mit einem \u00dcbersetzer zu besuchen, wobei zus\u00e4tzliche Kosten anfallen.<\/p>\n<\/div>\n\t\t\t\t\t<\/div><\/div>\t\t\t\t<\/div>\n\t\t\t\t<\/div>\n\t\t\t\t\t<\/div>\n\t\t<\/div>\n\t\t\t\t\t<\/div>\n\t\t<\/section>\n\t\t\t\t<\/div>\n\t\t","protected":false},"excerpt":{"rendered":"<p>Nach einer Einf\u00fchrung in die Geschichte der Uhrmacherei treffen Sie Ihre Wahl aus einer Vielzahl von Uhrenteilen \u2013 Uhrwerk, Geh\u00e4use, Zifferblatt, Zeiger, Uhrenarmband \u2013 und bauen die Teile selbst unter kundiger Anleitung durch den Uhrmachermeister zusammen, der Ihnen sein Know-how weitergibt. Sie verlassen uns mit Ihrer einzigartigen Uhr, der unverg\u00e4nglichen Erinnerung an eine au\u00dfergew\u00f6hnliche Erfahrung.<\/p>\n<p><span style=\"color: #85714d;\">Bitte geben Sie an der Kasse an, wo und in welcher Sprache Sie den Workshop besuchen m\u00f6chten. Im Bemerkungsfeld.<\/span><\/p>\n","protected":false},"featured_media":11643,"comment_status":"closed","ping_status":"closed","template":"","meta":{"_acf_changed":false},"product_brand":[],"product_cat":[184,142],"product_tag":[],"giftcard-category":[],"class_list":{"0":"post-13994","1":"product","2":"type-product","3":"status-publish","4":"has-post-thumbnail","6":"product_cat-uhrmacherei","7":"product_cat-workshop-de","9":"first","10":"instock","11":"taxable","12":"shipping-taxable","13":"purchasable","14":"product-type-variable"},"acf":[],"yoast_head":"<!-- This site is optimized with the Yoast SEO plugin v26.8 - https:\/\/yoast.com\/product\/yoast-seo-wordpress\/ -->\n<title>Halbt\u00e4giger-Uhrenworkshop - Initium<\/title>\n<meta name=\"description\" content=\"Nach einer theoretischen Einf\u00fchrung in die Uhrmacherei durch den Uhrmachermeister von Initium legen Sie das Design Ihrer mechanischen Uhr fest, indem Sie ein Uhrwerk, ein Geh\u00e4use, ein Zifferblatt oder einen H\u00f6henring, Zeiger und ein Armband aus einem Sortiment hochwertiger Komponenten ausw\u00e4hlen.\" \/>\n<meta name=\"robots\" content=\"index, follow, max-snippet:-1, max-image-preview:large, max-video-preview:-1\" \/>\n<link rel=\"canonical\" href=\"https:\/\/initium.swiss\/de\/produit\/halbtaegiger-uhrenworkshop\/\" \/>\n<meta property=\"og:locale\" content=\"de_DE\" \/>\n<meta property=\"og:type\" content=\"article\" \/>\n<meta property=\"og:title\" content=\"Halbt\u00e4giger-Uhrenworkshop - Initium\" \/>\n<meta property=\"og:description\" content=\"Nach einer theoretischen Einf\u00fchrung in die Uhrmacherei durch den Uhrmachermeister von Initium legen Sie das Design Ihrer mechanischen Uhr fest, indem Sie ein Uhrwerk, ein Geh\u00e4use, ein Zifferblatt oder einen H\u00f6henring, Zeiger und ein Armband aus einem Sortiment hochwertiger Komponenten ausw\u00e4hlen.\" \/>\n<meta property=\"og:url\" content=\"https:\/\/initium.swiss\/de\/produit\/halbtaegiger-uhrenworkshop\/\" \/>\n<meta property=\"og:site_name\" content=\"Initium\" \/>\n<meta property=\"article:publisher\" content=\"https:\/\/www.facebook.com\/InitiumWatches\/\" \/>\n<meta property=\"article:modified_time\" content=\"2025-12-23T08:33:09+00:00\" \/>\n<meta property=\"og:image\" content=\"https:\/\/initium.swiss\/wp-content\/uploads\/2022\/10\/Gamma.jpg\" \/>\n\t<meta property=\"og:image:width\" content=\"960\" \/>\n\t<meta property=\"og:image:height\" content=\"1080\" \/>\n\t<meta property=\"og:image:type\" content=\"image\/jpeg\" \/>\n<meta name=\"twitter:card\" content=\"summary_large_image\" \/>\n<meta name=\"twitter:site\" content=\"@initiumwatches\" \/>\n<meta name=\"twitter:label1\" content=\"Gesch\u00e4tzte Lesezeit\" \/>\n\t<meta name=\"twitter:data1\" content=\"2\u00a0Minuten\" \/>\n<script type=\"application\/ld+json\" class=\"yoast-schema-graph\">{\"@context\":\"https:\/\/schema.org\",\"@graph\":[{\"@type\":\"WebPage\",\"@id\":\"https:\/\/initium.swiss\/de\/produit\/halbtaegiger-uhrenworkshop\/\",\"url\":\"https:\/\/initium.swiss\/de\/produit\/halbtaegiger-uhrenworkshop\/\",\"name\":\"Halbt\u00e4giger-Uhrenworkshop - Initium\",\"isPartOf\":{\"@id\":\"https:\/\/initium.swiss\/de\/#website\"},\"primaryImageOfPage\":{\"@id\":\"https:\/\/initium.swiss\/de\/produit\/halbtaegiger-uhrenworkshop\/#primaryimage\"},\"image\":{\"@id\":\"https:\/\/initium.swiss\/de\/produit\/halbtaegiger-uhrenworkshop\/#primaryimage\"},\"thumbnailUrl\":\"https:\/\/initium.swiss\/wp-content\/uploads\/2022\/10\/Gamma.jpg\",\"datePublished\":\"2022-10-07T10:42:27+00:00\",\"dateModified\":\"2025-12-23T08:33:09+00:00\",\"description\":\"Nach einer theoretischen Einf\u00fchrung in die Uhrmacherei durch den Uhrmachermeister von Initium legen Sie das Design Ihrer mechanischen Uhr fest, indem Sie ein Uhrwerk, ein Geh\u00e4use, ein Zifferblatt oder einen H\u00f6henring, Zeiger und ein Armband aus einem Sortiment hochwertiger Komponenten ausw\u00e4hlen.\",\"breadcrumb\":{\"@id\":\"https:\/\/initium.swiss\/de\/produit\/halbtaegiger-uhrenworkshop\/#breadcrumb\"},\"inLanguage\":\"de\",\"potentialAction\":[{\"@type\":\"ReadAction\",\"target\":[\"https:\/\/initium.swiss\/de\/produit\/halbtaegiger-uhrenworkshop\/\"]}]},{\"@type\":\"ImageObject\",\"inLanguage\":\"de\",\"@id\":\"https:\/\/initium.swiss\/de\/produit\/halbtaegiger-uhrenworkshop\/#primaryimage\",\"url\":\"https:\/\/initium.swiss\/wp-content\/uploads\/2022\/10\/Gamma.jpg\",\"contentUrl\":\"https:\/\/initium.swiss\/wp-content\/uploads\/2022\/10\/Gamma.jpg\",\"width\":960,\"height\":1080},{\"@type\":\"BreadcrumbList\",\"@id\":\"https:\/\/initium.swiss\/de\/produit\/halbtaegiger-uhrenworkshop\/#breadcrumb\",\"itemListElement\":[{\"@type\":\"ListItem\",\"position\":1,\"name\":\"Accueil\",\"item\":\"https:\/\/initium.swiss\/de\/\"},{\"@type\":\"ListItem\",\"position\":2,\"name\":\"Produkte\",\"item\":\"https:\/\/initium.swiss\/de\/shop\/\"},{\"@type\":\"ListItem\",\"position\":3,\"name\":\"Halbt\u00e4giger Kurs in Uhrmacherei\"}]},{\"@type\":\"WebSite\",\"@id\":\"https:\/\/initium.swiss\/de\/#website\",\"url\":\"https:\/\/initium.swiss\/de\/\",\"name\":\"Initium\",\"description\":\"\ufeffCreate your own swiss watch\",\"publisher\":{\"@id\":\"https:\/\/initium.swiss\/de\/#organization\"},\"alternateName\":\"Cr\u00e9er et fabriquer sa propre montre suisse - Initium Watches SA\",\"potentialAction\":[{\"@type\":\"SearchAction\",\"target\":{\"@type\":\"EntryPoint\",\"urlTemplate\":\"https:\/\/initium.swiss\/de\/?s={search_term_string}\"},\"query-input\":{\"@type\":\"PropertyValueSpecification\",\"valueRequired\":true,\"valueName\":\"search_term_string\"}}],\"inLanguage\":\"de\"},{\"@type\":\"Organization\",\"@id\":\"https:\/\/initium.swiss\/de\/#organization\",\"name\":\"Initium Watches SA\",\"alternateName\":\"Cr\u00e9er et fabriquer sa propre montre ou bijou suisse - Initium Watches SA\",\"url\":\"https:\/\/initium.swiss\/de\/\",\"logo\":{\"@type\":\"ImageObject\",\"inLanguage\":\"de\",\"@id\":\"https:\/\/initium.swiss\/de\/#\/schema\/logo\/image\/\",\"url\":\"https:\/\/initium.swiss\/wp-content\/uploads\/2023\/08\/noir-initium-new-logo.svg\",\"contentUrl\":\"https:\/\/initium.swiss\/wp-content\/uploads\/2023\/08\/noir-initium-new-logo.svg\",\"width\":1,\"height\":1,\"caption\":\"Initium Watches SA\"},\"image\":{\"@id\":\"https:\/\/initium.swiss\/de\/#\/schema\/logo\/image\/\"},\"sameAs\":[\"https:\/\/www.facebook.com\/InitiumWatches\/\",\"https:\/\/x.com\/initiumwatches\",\"https:\/\/www.instagram.com\/initiumwatches\/\",\"https:\/\/www.youtube.com\/c\/InitiumCh\",\"https:\/\/www.pinterest.ch\/initiumwatches\/\"]}]}<\/script>\n<!-- \/ Yoast SEO plugin. -->","yoast_head_json":{"title":"Halbt\u00e4giger-Uhrenworkshop - Initium","description":"Nach einer theoretischen Einf\u00fchrung in die Uhrmacherei durch den Uhrmachermeister von Initium legen Sie das Design Ihrer mechanischen Uhr fest, indem Sie ein Uhrwerk, ein Geh\u00e4use, ein Zifferblatt oder einen H\u00f6henring, Zeiger und ein Armband aus einem Sortiment hochwertiger Komponenten ausw\u00e4hlen.","robots":{"index":"index","follow":"follow","max-snippet":"max-snippet:-1","max-image-preview":"max-image-preview:large","max-video-preview":"max-video-preview:-1"},"canonical":"https:\/\/initium.swiss\/de\/produit\/halbtaegiger-uhrenworkshop\/","og_locale":"de_DE","og_type":"article","og_title":"Halbt\u00e4giger-Uhrenworkshop - Initium","og_description":"Nach einer theoretischen Einf\u00fchrung in die Uhrmacherei durch den Uhrmachermeister von Initium legen Sie das Design Ihrer mechanischen Uhr fest, indem Sie ein Uhrwerk, ein Geh\u00e4use, ein Zifferblatt oder einen H\u00f6henring, Zeiger und ein Armband aus einem Sortiment hochwertiger Komponenten ausw\u00e4hlen.","og_url":"https:\/\/initium.swiss\/de\/produit\/halbtaegiger-uhrenworkshop\/","og_site_name":"Initium","article_publisher":"https:\/\/www.facebook.com\/InitiumWatches\/","article_modified_time":"2025-12-23T08:33:09+00:00","og_image":[{"width":960,"height":1080,"url":"https:\/\/initium.swiss\/wp-content\/uploads\/2022\/10\/Gamma.jpg","type":"image\/jpeg"}],"twitter_card":"summary_large_image","twitter_site":"@initiumwatches","twitter_misc":{"Gesch\u00e4tzte Lesezeit":"2\u00a0Minuten"},"schema":{"@context":"https:\/\/schema.org","@graph":[{"@type":"WebPage","@id":"https:\/\/initium.swiss\/de\/produit\/halbtaegiger-uhrenworkshop\/","url":"https:\/\/initium.swiss\/de\/produit\/halbtaegiger-uhrenworkshop\/","name":"Halbt\u00e4giger-Uhrenworkshop - Initium","isPartOf":{"@id":"https:\/\/initium.swiss\/de\/#website"},"primaryImageOfPage":{"@id":"https:\/\/initium.swiss\/de\/produit\/halbtaegiger-uhrenworkshop\/#primaryimage"},"image":{"@id":"https:\/\/initium.swiss\/de\/produit\/halbtaegiger-uhrenworkshop\/#primaryimage"},"thumbnailUrl":"https:\/\/initium.swiss\/wp-content\/uploads\/2022\/10\/Gamma.jpg","datePublished":"2022-10-07T10:42:27+00:00","dateModified":"2025-12-23T08:33:09+00:00","description":"Nach einer theoretischen Einf\u00fchrung in die Uhrmacherei durch den Uhrmachermeister von Initium legen Sie das Design Ihrer mechanischen Uhr fest, indem Sie ein Uhrwerk, ein Geh\u00e4use, ein Zifferblatt oder einen H\u00f6henring, Zeiger und ein Armband aus einem Sortiment hochwertiger Komponenten ausw\u00e4hlen.","breadcrumb":{"@id":"https:\/\/initium.swiss\/de\/produit\/halbtaegiger-uhrenworkshop\/#breadcrumb"},"inLanguage":"de","potentialAction":[{"@type":"ReadAction","target":["https:\/\/initium.swiss\/de\/produit\/halbtaegiger-uhrenworkshop\/"]}]},{"@type":"ImageObject","inLanguage":"de","@id":"https:\/\/initium.swiss\/de\/produit\/halbtaegiger-uhrenworkshop\/#primaryimage","url":"https:\/\/initium.swiss\/wp-content\/uploads\/2022\/10\/Gamma.jpg","contentUrl":"https:\/\/initium.swiss\/wp-content\/uploads\/2022\/10\/Gamma.jpg","width":960,"height":1080},{"@type":"BreadcrumbList","@id":"https:\/\/initium.swiss\/de\/produit\/halbtaegiger-uhrenworkshop\/#breadcrumb","itemListElement":[{"@type":"ListItem","position":1,"name":"Accueil","item":"https:\/\/initium.swiss\/de\/"},{"@type":"ListItem","position":2,"name":"Produkte","item":"https:\/\/initium.swiss\/de\/shop\/"},{"@type":"ListItem","position":3,"name":"Halbt\u00e4giger Kurs in Uhrmacherei"}]},{"@type":"WebSite","@id":"https:\/\/initium.swiss\/de\/#website","url":"https:\/\/initium.swiss\/de\/","name":"Initium","description":"\ufeffCreate your own swiss watch","publisher":{"@id":"https:\/\/initium.swiss\/de\/#organization"},"alternateName":"Cr\u00e9er et fabriquer sa propre montre suisse - Initium Watches SA","potentialAction":[{"@type":"SearchAction","target":{"@type":"EntryPoint","urlTemplate":"https:\/\/initium.swiss\/de\/?s={search_term_string}"},"query-input":{"@type":"PropertyValueSpecification","valueRequired":true,"valueName":"search_term_string"}}],"inLanguage":"de"},{"@type":"Organization","@id":"https:\/\/initium.swiss\/de\/#organization","name":"Initium Watches SA","alternateName":"Cr\u00e9er et fabriquer sa propre montre ou bijou suisse - Initium Watches SA","url":"https:\/\/initium.swiss\/de\/","logo":{"@type":"ImageObject","inLanguage":"de","@id":"https:\/\/initium.swiss\/de\/#\/schema\/logo\/image\/","url":"https:\/\/initium.swiss\/wp-content\/uploads\/2023\/08\/noir-initium-new-logo.svg","contentUrl":"https:\/\/initium.swiss\/wp-content\/uploads\/2023\/08\/noir-initium-new-logo.svg","width":1,"height":1,"caption":"Initium Watches SA"},"image":{"@id":"https:\/\/initium.swiss\/de\/#\/schema\/logo\/image\/"},"sameAs":["https:\/\/www.facebook.com\/InitiumWatches\/","https:\/\/x.com\/initiumwatches","https:\/\/www.instagram.com\/initiumwatches\/","https:\/\/www.youtube.com\/c\/InitiumCh","https:\/\/www.pinterest.ch\/initiumwatches\/"]}]}},"_links":{"self":[{"href":"https:\/\/initium.swiss\/de\/wp-json\/wp\/v2\/product\/13994","targetHints":{"allow":["GET"]}}],"collection":[{"href":"https:\/\/initium.swiss\/de\/wp-json\/wp\/v2\/product"}],"about":[{"href":"https:\/\/initium.swiss\/de\/wp-json\/wp\/v2\/types\/product"}],"replies":[{"embeddable":true,"href":"https:\/\/initium.swiss\/de\/wp-json\/wp\/v2\/comments?post=13994"}],"version-history":[{"count":10,"href":"https:\/\/initium.swiss\/de\/wp-json\/wp\/v2\/product\/13994\/revisions"}],"predecessor-version":[{"id":29511,"href":"https:\/\/initium.swiss\/de\/wp-json\/wp\/v2\/product\/13994\/revisions\/29511"}],"wp:featuredmedia":[{"embeddable":true,"href":"https:\/\/initium.swiss\/de\/wp-json\/wp\/v2\/media\/11643"}],"wp:attachment":[{"href":"https:\/\/initium.swiss\/de\/wp-json\/wp\/v2\/media?parent=13994"}],"wp:term":[{"taxonomy":"product_brand","embeddable":true,"href":"https:\/\/initium.swiss\/de\/wp-json\/wp\/v2\/product_brand?post=13994"},{"taxonomy":"product_cat","embeddable":true,"href":"https:\/\/initium.swiss\/de\/wp-json\/wp\/v2\/product_cat?post=13994"},{"taxonomy":"product_tag","embeddable":true,"href":"https:\/\/initium.swiss\/de\/wp-json\/wp\/v2\/product_tag?post=13994"},{"taxonomy":"giftcard-category","embeddable":true,"href":"https:\/\/initium.swiss\/de\/wp-json\/wp\/v2\/giftcard-category?post=13994"}],"curies":[{"name":"wp","href":"https:\/\/api.w.org\/{rel}","templated":true}]}}